{"id":54422,"date":"2022-04-01T15:32:52","date_gmt":"2022-04-01T13:32:52","guid":{"rendered":"https:\/\/www.nus.agency\/?page_id=54422"},"modified":"2025-01-22T17:09:46","modified_gmt":"2025-01-22T15:09:46","slug":"cursos","status":"publish","type":"page","link":"https:\/\/www.nus.agency\/es\/cursos","title":{"rendered":"CURSOS"},"content":{"rendered":"\t\t<div data-elementor-type=\"wp-page\" data-elementor-id=\"54422\" class=\"elementor elementor-54422\" data-elementor-post-type=\"page\">\n\t\t\t\t\t\t<section class=\"elementor-section elementor-top-section elementor-element elementor-element-5b4c5c01 elementor-section-full_width elementor-section-height-default elementor-section-height-default\" data-id=\"5b4c5c01\" data-element_type=\"section\" data-e-type=\"section\" data-settings=\"{&quot;background_background&quot;:&quot;classic&quot;}\">\n\t\t\t\t\t\t<div class=\"elementor-container elementor-column-gap-default\">\n\t\t\t\t\t<div class=\"elementor-column elementor-col-100 elementor-top-column elementor-element elementor-element-731b971f\" data-id=\"731b971f\" data-element_type=\"column\" data-e-type=\"column\">\n\t\t\t<div class=\"elementor-widget-wrap elementor-element-populated\">\n\t\t\t\t\t\t<div class=\"elementor-element elementor-element-dcd3ef6 elementor-widget elementor-widget-spacer\" data-id=\"dcd3ef6\" data-element_type=\"widget\" data-e-type=\"widget\" data-widget_type=\"spacer.default\">\n\t\t\t\t<div class=\"elementor-widget-container\">\n\t\t\t\t\t\t\t<div class=\"elementor-spacer\">\n\t\t\t<div class=\"elementor-spacer-inner\"><\/div>\n\t\t<\/div>\n\t\t\t\t\t\t<\/div>\n\t\t\t\t<\/div>\n\t\t\t\t<div class=\"elementor-element elementor-element-635be49 elementor-widget elementor-widget-spacer\" data-id=\"635be49\" data-element_type=\"widget\" data-e-type=\"widget\" data-widget_type=\"spacer.default\">\n\t\t\t\t<div class=\"elementor-widget-container\">\n\t\t\t\t\t\t\t<div class=\"elementor-spacer\">\n\t\t\t<div class=\"elementor-spacer-inner\"><\/div>\n\t\t<\/div>\n\t\t\t\t\t\t<\/div>\n\t\t\t\t<\/div>\n\t\t\t\t<div class=\"elementor-element elementor-element-c308853 elementor-widget elementor-widget-heading\" data-id=\"c308853\" data-element_type=\"widget\" data-e-type=\"widget\" data-widget_type=\"heading.default\">\n\t\t\t\t<div class=\"elementor-widget-container\">\n\t\t\t\t\t<h1 class=\"elementor-heading-title elementor-size-default\">Cursos  de enfermer\u00eda para auxiliares y enfermeras<\/h1>\t\t\t\t<\/div>\n\t\t\t\t<\/div>\n\t\t\t\t\t<\/div>\n\t\t<\/div>\n\t\t\t\t\t<\/div>\n\t\t<\/section>\n\t\t\t\t<section class=\"elementor-section elementor-top-section elementor-element elementor-element-e6c6d9e elementor-section-full_width elementor-section-height-default elementor-section-height-default\" data-id=\"e6c6d9e\" data-element_type=\"section\" data-e-type=\"section\" data-settings=\"{&quot;background_background&quot;:&quot;classic&quot;}\">\n\t\t\t\t\t\t<div class=\"elementor-container elementor-column-gap-default\">\n\t\t\t\t\t<div class=\"elementor-column elementor-col-100 elementor-top-column elementor-element elementor-element-c92ffa6\" data-id=\"c92ffa6\" data-element_type=\"column\" data-e-type=\"column\">\n\t\t\t<div class=\"elementor-widget-wrap elementor-element-populated\">\n\t\t\t\t\t\t<div class=\"elementor-element elementor-element-92b6a61 elementor-widget elementor-widget-heading\" data-id=\"92b6a61\" data-element_type=\"widget\" data-e-type=\"widget\" data-widget_type=\"heading.default\">\n\t\t\t\t<div class=\"elementor-widget-container\">\n\t\t\t\t\t<h2 class=\"elementor-heading-title elementor-size-default\">Perfecciona tus habilidades como profesional con formaci\u00f3n especializada<\/h2>\t\t\t\t<\/div>\n\t\t\t\t<\/div>\n\t\t\t\t\t<\/div>\n\t\t<\/div>\n\t\t\t\t\t<\/div>\n\t\t<\/section>\n\t\t\t\t<section class=\"elementor-section elementor-top-section elementor-element elementor-element-69c94a1 elementor-section-full_width elementor-section-height-default elementor-section-height-default\" data-id=\"69c94a1\" data-element_type=\"section\" data-e-type=\"section\">\n\t\t\t\t\t\t<div class=\"elementor-container elementor-column-gap-default\">\n\t\t\t\t\t<div class=\"elementor-column elementor-col-100 elementor-top-column elementor-element elementor-element-12ff49f\" data-id=\"12ff49f\" data-element_type=\"column\" data-e-type=\"column\">\n\t\t\t<div class=\"elementor-widget-wrap elementor-element-populated\">\n\t\t\t\t\t\t<div class=\"elementor-element elementor-element-29b300c elementor-widget elementor-widget-spacer\" data-id=\"29b300c\" data-element_type=\"widget\" data-e-type=\"widget\" data-widget_type=\"spacer.default\">\n\t\t\t\t<div class=\"elementor-widget-container\">\n\t\t\t\t\t\t\t<div class=\"elementor-spacer\">\n\t\t\t<div class=\"elementor-spacer-inner\"><\/div>\n\t\t<\/div>\n\t\t\t\t\t\t<\/div>\n\t\t\t\t<\/div>\n\t\t\t\t<div class=\"elementor-element elementor-element-b3fcd9d elementor-grid-3 elementor-grid-tablet-2 elementor-grid-mobile-1 elementor-posts--thumbnail-top elementor-widget elementor-widget-posts\" data-id=\"b3fcd9d\" data-element_type=\"widget\" data-e-type=\"widget\" data-settings=\"{&quot;classic_masonry&quot;:&quot;yes&quot;,&quot;classic_columns&quot;:&quot;3&quot;,&quot;classic_columns_tablet&quot;:&quot;2&quot;,&quot;classic_columns_mobile&quot;:&quot;1&quot;,&quot;classic_row_gap&quot;:{&quot;unit&quot;:&quot;px&quot;,&quot;size&quot;:35,&quot;sizes&quot;:[]},&quot;classic_row_gap_tablet&quot;:{&quot;unit&quot;:&quot;px&quot;,&quot;size&quot;:&quot;&quot;,&quot;sizes&quot;:[]},&quot;classic_row_gap_mobile&quot;:{&quot;unit&quot;:&quot;px&quot;,&quot;size&quot;:&quot;&quot;,&quot;sizes&quot;:[]}}\" data-widget_type=\"posts.classic\">\n\t\t\t\t<div class=\"elementor-widget-container\">\n\t\t\t\t\t\t\t<div class=\"elementor-posts-container elementor-posts elementor-posts--skin-classic elementor-grid\" role=\"list\">\n\t\t\t\t<article class=\"elementor-post elementor-grid-item post-61921 cursos type-cursos status-publish has-post-thumbnail hentry category-cursos-imagen-corporal\" role=\"listitem\">\n\t\t\t\t<a class=\"elementor-post__thumbnail__link\" href=\"https:\/\/www.nus.agency\/es\/cursos\/curso-micropigmentacion-areolar\" tabindex=\"-1\" >\n\t\t\t<div class=\"elementor-post__thumbnail\"><img fetchpriority=\"high\" decoding=\"async\" width=\"300\" height=\"180\" src=\"https:\/\/www.nus.agency\/wp-content\/uploads\/2022\/09\/portada-curso-micropigmentacion-areolar-para-enfermeras-300x180.jpg\" class=\"attachment-medium size-medium wp-image-85605\" alt=\"Curso micropigmentaci\u00f3n areolar para enfermeras\" srcset=\"https:\/\/www.nus.agency\/wp-content\/uploads\/2022\/09\/portada-curso-micropigmentacion-areolar-para-enfermeras-300x180.jpg 300w, https:\/\/www.nus.agency\/wp-content\/uploads\/2022\/09\/portada-curso-micropigmentacion-areolar-para-enfermeras-1024x614.jpg 1024w, https:\/\/www.nus.agency\/wp-content\/uploads\/2022\/09\/portada-curso-micropigmentacion-areolar-para-enfermeras-768x461.jpg 768w, https:\/\/www.nus.agency\/wp-content\/uploads\/2022\/09\/portada-curso-micropigmentacion-areolar-para-enfermeras.jpg 1250w\" sizes=\"(max-width: 300px) 100vw, 300px\" \/><\/div>\n\t\t<\/a>\n\t\t\t\t<div class=\"elementor-post__text\">\n\t\t\t\t<h2 class=\"elementor-post__title\">\n\t\t\t<a href=\"https:\/\/www.nus.agency\/es\/cursos\/curso-micropigmentacion-areolar\" >\n\t\t\t\tCurso acreditado: Micropigmentaci\u00f3n Areolar\t\t\t<\/a>\n\t\t<\/h2>\n\t\t\n\t\t<a class=\"elementor-post__read-more\" href=\"https:\/\/www.nus.agency\/es\/cursos\/curso-micropigmentacion-areolar\" aria-label=\"M\u00e1s informaci\u00f3n sobre Curso acreditado: Micropigmentaci\u00f3n Areolar\" tabindex=\"-1\" >\n\t\t\tINSCR\u00cdBETE AHORA\t\t<\/a>\n\n\t\t\t\t<\/div>\n\t\t\t\t<\/article>\n\t\t\t\t<article class=\"elementor-post elementor-grid-item post-71487 cursos type-cursos status-publish has-post-thumbnail hentry category-sin-categorizar tag-imagen-corporal\" role=\"listitem\">\n\t\t\t\t<a class=\"elementor-post__thumbnail__link\" href=\"https:\/\/www.nus.agency\/es\/cursos\/curso-emprendimiento-salud-asencat\" tabindex=\"-1\" >\n\t\t\t<div class=\"elementor-post__thumbnail\"><img decoding=\"async\" width=\"300\" height=\"180\" src=\"https:\/\/www.nus.agency\/wp-content\/uploads\/2023\/11\/emprendimiento-salud-300x180.jpg\" class=\"attachment-medium size-medium wp-image-71512\" alt=\"\" srcset=\"https:\/\/www.nus.agency\/wp-content\/uploads\/2023\/11\/emprendimiento-salud-300x180.jpg 300w, https:\/\/www.nus.agency\/wp-content\/uploads\/2023\/11\/emprendimiento-salud-1024x614.jpg 1024w, https:\/\/www.nus.agency\/wp-content\/uploads\/2023\/11\/emprendimiento-salud-768x461.jpg 768w, https:\/\/www.nus.agency\/wp-content\/uploads\/2023\/11\/emprendimiento-salud.jpg 1250w\" sizes=\"(max-width: 300px) 100vw, 300px\" \/><\/div>\n\t\t<\/a>\n\t\t\t\t<div class=\"elementor-post__text\">\n\t\t\t\t<h2 class=\"elementor-post__title\">\n\t\t\t<a href=\"https:\/\/www.nus.agency\/es\/cursos\/curso-emprendimiento-salud-asencat\" >\n\t\t\t\tCurso acreditado: Emprendimiento en salud\t\t\t<\/a>\n\t\t<\/h2>\n\t\t\n\t\t<a class=\"elementor-post__read-more\" href=\"https:\/\/www.nus.agency\/es\/cursos\/curso-emprendimiento-salud-asencat\" aria-label=\"M\u00e1s informaci\u00f3n sobre Curso acreditado: Micropigmentaci\u00f3n Areolar\" tabindex=\"-1\" >\n\t\t\tINSCR\u00cdBETE AHORA\t\t<\/a>\n\n\t\t\t\t<\/div>\n\t\t\t\t<\/article>\n\t\t\t\t<article class=\"elementor-post elementor-grid-item post-76460 cursos type-cursos status-publish has-post-thumbnail hentry category-sin-categorizar\" role=\"listitem\">\n\t\t\t\t<a class=\"elementor-post__thumbnail__link\" href=\"https:\/\/www.nus.agency\/es\/cursos\/curso-acreditado-estudio-facial-para-enfermeras\" tabindex=\"-1\" >\n\t\t\t<div class=\"elementor-post__thumbnail\"><img decoding=\"async\" width=\"300\" height=\"180\" src=\"https:\/\/www.nus.agency\/wp-content\/uploads\/2024\/05\/mantras-y-cerebro-1-300x180.jpg\" class=\"attachment-medium size-medium wp-image-76506\" alt=\"tratamiento dermoest\u00e9tica\" srcset=\"https:\/\/www.nus.agency\/wp-content\/uploads\/2024\/05\/mantras-y-cerebro-1-300x180.jpg 300w, https:\/\/www.nus.agency\/wp-content\/uploads\/2024\/05\/mantras-y-cerebro-1-1024x614.jpg 1024w, https:\/\/www.nus.agency\/wp-content\/uploads\/2024\/05\/mantras-y-cerebro-1-768x461.jpg 768w, https:\/\/www.nus.agency\/wp-content\/uploads\/2024\/05\/mantras-y-cerebro-1.jpg 1250w\" sizes=\"(max-width: 300px) 100vw, 300px\" \/><\/div>\n\t\t<\/a>\n\t\t\t\t<div class=\"elementor-post__text\">\n\t\t\t\t<h2 class=\"elementor-post__title\">\n\t\t\t<a href=\"https:\/\/www.nus.agency\/es\/cursos\/curso-acreditado-estudio-facial-para-enfermeras\" >\n\t\t\t\tCurso acreditado: Estudio facial para enfermeras dermoest\u00e9ticas\t\t\t<\/a>\n\t\t<\/h2>\n\t\t\n\t\t<a class=\"elementor-post__read-more\" href=\"https:\/\/www.nus.agency\/es\/cursos\/curso-acreditado-estudio-facial-para-enfermeras\" aria-label=\"M\u00e1s informaci\u00f3n sobre Curso acreditado: Micropigmentaci\u00f3n Areolar\" tabindex=\"-1\" >\n\t\t\tINSCR\u00cdBETE AHORA\t\t<\/a>\n\n\t\t\t\t<\/div>\n\t\t\t\t<\/article>\n\t\t\t\t<article class=\"elementor-post elementor-grid-item post-79690 cursos type-cursos status-publish has-post-thumbnail hentry category-sin-categorizar\" role=\"listitem\">\n\t\t\t\t<a class=\"elementor-post__thumbnail__link\" href=\"https:\/\/www.nus.agency\/es\/cursos\/curso-acreditado-nuevas-aplicaciones-en-estetica-avanzada\" tabindex=\"-1\" >\n\t\t\t<div class=\"elementor-post__thumbnail\"><img loading=\"lazy\" decoding=\"async\" width=\"300\" height=\"180\" src=\"https:\/\/www.nus.agency\/wp-content\/uploads\/2024\/05\/curso-imagen-corporal-300x180.jpg\" class=\"attachment-medium size-medium wp-image-76650\" alt=\"Tratamientos faciales no invasivos\" srcset=\"https:\/\/www.nus.agency\/wp-content\/uploads\/2024\/05\/curso-imagen-corporal-300x180.jpg 300w, https:\/\/www.nus.agency\/wp-content\/uploads\/2024\/05\/curso-imagen-corporal-1024x614.jpg 1024w, https:\/\/www.nus.agency\/wp-content\/uploads\/2024\/05\/curso-imagen-corporal-768x461.jpg 768w, https:\/\/www.nus.agency\/wp-content\/uploads\/2024\/05\/curso-imagen-corporal.jpg 1250w\" sizes=\"(max-width: 300px) 100vw, 300px\" \/><\/div>\n\t\t<\/a>\n\t\t\t\t<div class=\"elementor-post__text\">\n\t\t\t\t<h2 class=\"elementor-post__title\">\n\t\t\t<a href=\"https:\/\/www.nus.agency\/es\/cursos\/curso-acreditado-nuevas-aplicaciones-en-estetica-avanzada\" >\n\t\t\t\tCurso acreditado: Nuevas Aplicaciones en Est\u00e9tica Avanzada\t\t\t<\/a>\n\t\t<\/h2>\n\t\t\n\t\t<a class=\"elementor-post__read-more\" href=\"https:\/\/www.nus.agency\/es\/cursos\/curso-acreditado-nuevas-aplicaciones-en-estetica-avanzada\" aria-label=\"M\u00e1s informaci\u00f3n sobre Curso acreditado: Micropigmentaci\u00f3n Areolar\" tabindex=\"-1\" >\n\t\t\tINSCR\u00cdBETE AHORA\t\t<\/a>\n\n\t\t\t\t<\/div>\n\t\t\t\t<\/article>\n\t\t\t\t<\/div>\n\t\t\n\t\t\t\t\t\t<\/div>\n\t\t\t\t<\/div>\n\t\t\t\t<div class=\"elementor-element elementor-element-a1c8bdd elementor-cta--valign-middle elementor-cta--layout-image-above elementor-cta--skin-classic elementor-animated-content elementor-bg-transform elementor-bg-transform-zoom-in elementor-widget elementor-widget-call-to-action\" data-id=\"a1c8bdd\" data-element_type=\"widget\" data-e-type=\"widget\" data-widget_type=\"call-to-action.default\">\n\t\t\t\t<div class=\"elementor-widget-container\">\n\t\t\t\t\t\t\t<a class=\"elementor-cta\" href=\"https:\/\/www.nus.agency\/cursos\/mentoria-one-to-one-dermoestetica\">\n\t\t\t\t\t<div class=\"elementor-cta__bg-wrapper\">\n\t\t\t\t<div class=\"elementor-cta__bg elementor-bg\" style=\"background-image: url(https:\/\/www.nus.agency\/wp-content\/uploads\/2024\/03\/mentorias-one-to-one-1.jpg);\" role=\"img\" aria-label=\"M\u00e1s informaci\u00f3n sobre Curso acreditado: Micropigmentaci\u00f3n Areolar\"><\/div>\n\t\t\t\t<div class=\"elementor-cta__bg-overlay\"><\/div>\n\t\t\t<\/div>\n\t\t\t\t\t\t\t<div class=\"elementor-cta__content\">\n\t\t\t\t\n\t\t\t\t\t\t\t\t\t<h2 class=\"elementor-cta__title elementor-cta__content-item elementor-content-item\">\n\t\t\t\t\t\tMentor\u00eda One to One\t\t\t\t\t<\/h2>\n\t\t\t\t\n\t\t\t\t\t\t\t\t\t<div class=\"elementor-cta__description elementor-cta__content-item elementor-content-item\">\n\t\t\t\t\t\tProfundiza en la t\u00e9cnica que m\u00e1s te interesa de la mano de un experto a tu disposici\u00f3n.\t\t\t\t\t<\/div>\n\t\t\t\t\n\t\t\t\t\t\t\t\t\t<div class=\"elementor-cta__button-wrapper elementor-cta__content-item elementor-content-item \">\n\t\t\t\t\t<span class=\"elementor-cta__button elementor-button elementor-size-\">\n\t\t\t\t\t\tSOLICITA TU MENTOR\u00cdA\t\t\t\t\t<\/span>\n\t\t\t\t\t<\/div>\n\t\t\t\t\t\t\t<\/div>\n\t\t\t\t\t\t<\/a>\n\t\t\t\t\t\t<\/div>\n\t\t\t\t<\/div>\n\t\t\t\t\t<\/div>\n\t\t<\/div>\n\t\t\t\t\t<\/div>\n\t\t<\/section>\n\t\t\t\t<section class=\"elementor-section elementor-top-section elementor-element elementor-element-3b2d0a4 elementor-section-boxed elementor-section-height-default elementor-section-height-default\" data-id=\"3b2d0a4\" data-element_type=\"section\" data-e-type=\"section\">\n\t\t\t\t\t\t<div class=\"elementor-container elementor-column-gap-default\">\n\t\t\t\t\t<div class=\"elementor-column elementor-col-100 elementor-top-column elementor-element elementor-element-0da827f\" data-id=\"0da827f\" data-element_type=\"column\" data-e-type=\"column\">\n\t\t\t<div class=\"elementor-widget-wrap elementor-element-populated\">\n\t\t\t\t\t\t<div class=\"elementor-element elementor-element-c03795a elementor-widget elementor-widget-spacer\" data-id=\"c03795a\" data-element_type=\"widget\" data-e-type=\"widget\" data-widget_type=\"spacer.default\">\n\t\t\t\t<div class=\"elementor-widget-container\">\n\t\t\t\t\t\t\t<div class=\"elementor-spacer\">\n\t\t\t<div class=\"elementor-spacer-inner\"><\/div>\n\t\t<\/div>\n\t\t\t\t\t\t<\/div>\n\t\t\t\t<\/div>\n\t\t\t\t\t<\/div>\n\t\t<\/div>\n\t\t\t\t\t<\/div>\n\t\t<\/section>\n\t\t\t\t<\/div>\n\t\t","protected":false},"excerpt":{"rendered":"<p>Cursos de enfermer\u00eda para auxiliares y enfermeras Perfecciona tus habilidades como profesional con formaci\u00f3n especializada Mentor\u00eda One to One Profundiza en la t\u00e9cnica que m\u00e1s<\/p>\n","protected":false},"author":1,"featured_media":0,"parent":0,"menu_order":0,"comment_status":"closed","ping_status":"closed","template":"elementor_header_footer","meta":{"_joinchat":[],"footnotes":""},"class_list":["post-54422","page","type-page","status-publish","hentry"],"yoast_head":"<!-- This site is optimized with the Yoast SEO Premium plugin v25.9 (Yoast SEO v27.6) - https:\/\/yoast.com\/product\/yoast-seo-premium-wordpress\/ -->\n<title>Cursos para profesionales de la salud y enfermeras | NUS Agency<\/title>\n<meta name=\"description\" content=\"Cursos para profesionales de la salud y el bienestar social. Cursos online + pr\u00e1cticas presenciales en nuestro centro de Barcelona. VER CURSOS\" \/>\n<meta name=\"robots\" content=\"index, follow, max-snippet:-1, max-image-preview:large, max-video-preview:-1\" \/>\n<link rel=\"canonical\" href=\"https:\/\/www.nus.agency\/es\/cursos\" \/>\n<meta property=\"og:locale\" content=\"es_ES\" \/>\n<meta property=\"og:type\" content=\"article\" \/>\n<meta property=\"og:title\" content=\"CURSOS\" \/>\n<meta property=\"og:description\" content=\"Cursos para profesionales de la salud y el bienestar social. Cursos online + pr\u00e1cticas presenciales en nuestro centro de Barcelona. VER CURSOS\" \/>\n<meta property=\"og:url\" content=\"https:\/\/www.nus.agency\/es\/cursos\" \/>\n<meta property=\"og:site_name\" content=\"NUS Agency\" \/>\n<meta property=\"article:publisher\" content=\"https:\/\/www.facebook.com\/Nus.Agency\" \/>\n<meta property=\"article:modified_time\" content=\"2025-01-22T15:09:46+00:00\" \/>\n<meta property=\"og:image\" content=\"https:\/\/www.nus.agency\/wp-content\/uploads\/2023\/11\/nus-agency.jpg\" \/>\n\t<meta property=\"og:image:width\" content=\"1200\" \/>\n\t<meta property=\"og:image:height\" content=\"675\" \/>\n\t<meta property=\"og:image:type\" content=\"image\/jpeg\" \/>\n<meta name=\"twitter:card\" content=\"summary_large_image\" \/>\n<meta name=\"twitter:site\" content=\"@NusUnidad\" \/>\n<meta name=\"twitter:label1\" content=\"Tiempo de lectura\" \/>\n\t<meta name=\"twitter:data1\" content=\"1 minuto\" \/>\n<script type=\"application\/ld+json\" class=\"yoast-schema-graph\">{\"@context\":\"https:\\\/\\\/schema.org\",\"@graph\":[{\"@type\":\"WebPage\",\"@id\":\"https:\\\/\\\/www.nus.agency\\\/es\\\/cursos\",\"url\":\"https:\\\/\\\/www.nus.agency\\\/es\\\/cursos\",\"name\":\"Cursos para profesionales de la salud y enfermeras | NUS Agency\",\"isPartOf\":{\"@id\":\"https:\\\/\\\/www.nus.agency\\\/es\\\/#website\"},\"datePublished\":\"2022-04-01T13:32:52+00:00\",\"dateModified\":\"2025-01-22T15:09:46+00:00\",\"description\":\"Cursos para profesionales de la salud y el bienestar social. Cursos online + pr\u00e1cticas presenciales en nuestro centro de Barcelona. VER CURSOS\",\"breadcrumb\":{\"@id\":\"https:\\\/\\\/www.nus.agency\\\/es\\\/cursos#breadcrumb\"},\"inLanguage\":\"es\",\"potentialAction\":[{\"@type\":\"ReadAction\",\"target\":[\"https:\\\/\\\/www.nus.agency\\\/es\\\/cursos\"]}]},{\"@type\":\"BreadcrumbList\",\"@id\":\"https:\\\/\\\/www.nus.agency\\\/es\\\/cursos#breadcrumb\",\"itemListElement\":[{\"@type\":\"ListItem\",\"position\":1,\"name\":\"Inicio\",\"item\":\"https:\\\/\\\/www.nus.agency\\\/es\"},{\"@type\":\"ListItem\",\"position\":2,\"name\":\"CURSOS\"}]},{\"@type\":\"WebSite\",\"@id\":\"https:\\\/\\\/www.nus.agency\\\/es\\\/#website\",\"url\":\"https:\\\/\\\/www.nus.agency\\\/es\\\/\",\"name\":\"NUS Agency\",\"description\":\"Formaci\u00f3n especializada en el sector salud y bienestar. M\u00e1ster en Enfermer\u00eda Dermoest\u00e9tica, Fisioest\u00e9tica, Neurom\u00fasica, Terapia Breve.\",\"publisher\":{\"@id\":\"https:\\\/\\\/www.nus.agency\\\/es\\\/#organization\"},\"alternateName\":\"nus.agency\",\"potentialAction\":[{\"@type\":\"SearchAction\",\"target\":{\"@type\":\"EntryPoint\",\"urlTemplate\":\"https:\\\/\\\/www.nus.agency\\\/es\\\/?s={search_term_string}\"},\"query-input\":{\"@type\":\"PropertyValueSpecification\",\"valueRequired\":true,\"valueName\":\"search_term_string\"}}],\"inLanguage\":\"es\"},{\"@type\":\"Organization\",\"@id\":\"https:\\\/\\\/www.nus.agency\\\/es\\\/#organization\",\"name\":\"Nus Agency\",\"alternateName\":\"nus.agency\",\"url\":\"https:\\\/\\\/www.nus.agency\\\/es\\\/\",\"logo\":{\"@type\":\"ImageObject\",\"inLanguage\":\"es\",\"@id\":\"https:\\\/\\\/www.nus.agency\\\/es\\\/#\\\/schema\\\/logo\\\/image\\\/\",\"url\":\"https:\\\/\\\/www.nus.agency\\\/wp-content\\\/uploads\\\/2023\\\/09\\\/LOGO-NUS.png\",\"contentUrl\":\"https:\\\/\\\/www.nus.agency\\\/wp-content\\\/uploads\\\/2023\\\/09\\\/LOGO-NUS.png\",\"width\":500,\"height\":500,\"caption\":\"Nus Agency\"},\"image\":{\"@id\":\"https:\\\/\\\/www.nus.agency\\\/es\\\/#\\\/schema\\\/logo\\\/image\\\/\"},\"sameAs\":[\"https:\\\/\\\/www.facebook.com\\\/Nus.Agency\",\"https:\\\/\\\/x.com\\\/NusUnidad\",\"https:\\\/\\\/www.instagram.com\\\/nus.agency\\\/\",\"https:\\\/\\\/www.linkedin.com\\\/school\\\/nus-agency\\\/\",\"https:\\\/\\\/www.youtube.com\\\/channel\\\/UCcseK4CACJLLFX6J19Om5qQ\"]}]}<\/script>\n<!-- \/ Yoast SEO Premium plugin. -->","yoast_head_json":{"title":"Cursos para profesionales de la salud y enfermeras | NUS Agency","description":"Cursos para profesionales de la salud y el bienestar social. Cursos online + pr\u00e1cticas presenciales en nuestro centro de Barcelona. VER CURSOS","robots":{"index":"index","follow":"follow","max-snippet":"max-snippet:-1","max-image-preview":"max-image-preview:large","max-video-preview":"max-video-preview:-1"},"canonical":"https:\/\/www.nus.agency\/es\/cursos","og_locale":"es_ES","og_type":"article","og_title":"CURSOS","og_description":"Cursos para profesionales de la salud y el bienestar social. Cursos online + pr\u00e1cticas presenciales en nuestro centro de Barcelona. VER CURSOS","og_url":"https:\/\/www.nus.agency\/es\/cursos","og_site_name":"NUS Agency","article_publisher":"https:\/\/www.facebook.com\/Nus.Agency","article_modified_time":"2025-01-22T15:09:46+00:00","og_image":[{"width":1200,"height":675,"url":"https:\/\/www.nus.agency\/wp-content\/uploads\/2023\/11\/nus-agency.jpg","type":"image\/jpeg"}],"twitter_card":"summary_large_image","twitter_site":"@NusUnidad","twitter_misc":{"Tiempo de lectura":"1 minuto"},"schema":{"@context":"https:\/\/schema.org","@graph":[{"@type":"WebPage","@id":"https:\/\/www.nus.agency\/es\/cursos","url":"https:\/\/www.nus.agency\/es\/cursos","name":"Cursos para profesionales de la salud y enfermeras | NUS Agency","isPartOf":{"@id":"https:\/\/www.nus.agency\/es\/#website"},"datePublished":"2022-04-01T13:32:52+00:00","dateModified":"2025-01-22T15:09:46+00:00","description":"Cursos para profesionales de la salud y el bienestar social. Cursos online + pr\u00e1cticas presenciales en nuestro centro de Barcelona. VER CURSOS","breadcrumb":{"@id":"https:\/\/www.nus.agency\/es\/cursos#breadcrumb"},"inLanguage":"es","potentialAction":[{"@type":"ReadAction","target":["https:\/\/www.nus.agency\/es\/cursos"]}]},{"@type":"BreadcrumbList","@id":"https:\/\/www.nus.agency\/es\/cursos#breadcrumb","itemListElement":[{"@type":"ListItem","position":1,"name":"Inicio","item":"https:\/\/www.nus.agency\/es"},{"@type":"ListItem","position":2,"name":"CURSOS"}]},{"@type":"WebSite","@id":"https:\/\/www.nus.agency\/es\/#website","url":"https:\/\/www.nus.agency\/es\/","name":"NUS Agency","description":"Formaci\u00f3n especializada en el sector salud y bienestar. M\u00e1ster en Enfermer\u00eda Dermoest\u00e9tica, Fisioest\u00e9tica, Neurom\u00fasica, Terapia Breve.","publisher":{"@id":"https:\/\/www.nus.agency\/es\/#organization"},"alternateName":"nus.agency","potentialAction":[{"@type":"SearchAction","target":{"@type":"EntryPoint","urlTemplate":"https:\/\/www.nus.agency\/es\/?s={search_term_string}"},"query-input":{"@type":"PropertyValueSpecification","valueRequired":true,"valueName":"search_term_string"}}],"inLanguage":"es"},{"@type":"Organization","@id":"https:\/\/www.nus.agency\/es\/#organization","name":"Nus Agency","alternateName":"nus.agency","url":"https:\/\/www.nus.agency\/es\/","logo":{"@type":"ImageObject","inLanguage":"es","@id":"https:\/\/www.nus.agency\/es\/#\/schema\/logo\/image\/","url":"https:\/\/www.nus.agency\/wp-content\/uploads\/2023\/09\/LOGO-NUS.png","contentUrl":"https:\/\/www.nus.agency\/wp-content\/uploads\/2023\/09\/LOGO-NUS.png","width":500,"height":500,"caption":"Nus Agency"},"image":{"@id":"https:\/\/www.nus.agency\/es\/#\/schema\/logo\/image\/"},"sameAs":["https:\/\/www.facebook.com\/Nus.Agency","https:\/\/x.com\/NusUnidad","https:\/\/www.instagram.com\/nus.agency\/","https:\/\/www.linkedin.com\/school\/nus-agency\/","https:\/\/www.youtube.com\/channel\/UCcseK4CACJLLFX6J19Om5qQ"]}]}},"_links":{"self":[{"href":"https:\/\/www.nus.agency\/es\/wp-json\/wp\/v2\/pages\/54422","targetHints":{"allow":["GET"]}}],"collection":[{"href":"https:\/\/www.nus.agency\/es\/wp-json\/wp\/v2\/pages"}],"about":[{"href":"https:\/\/www.nus.agency\/es\/wp-json\/wp\/v2\/types\/page"}],"author":[{"embeddable":true,"href":"https:\/\/www.nus.agency\/es\/wp-json\/wp\/v2\/users\/1"}],"replies":[{"embeddable":true,"href":"https:\/\/www.nus.agency\/es\/wp-json\/wp\/v2\/comments?post=54422"}],"version-history":[{"count":84,"href":"https:\/\/www.nus.agency\/es\/wp-json\/wp\/v2\/pages\/54422\/revisions"}],"predecessor-version":[{"id":86045,"href":"https:\/\/www.nus.agency\/es\/wp-json\/wp\/v2\/pages\/54422\/revisions\/86045"}],"wp:attachment":[{"href":"https:\/\/www.nus.agency\/es\/wp-json\/wp\/v2\/media?parent=54422"}],"curies":[{"name":"wp","href":"https:\/\/api.w.org\/{rel}","templated":true}]}}