{"id":8179,"date":"2021-02-19T17:59:00","date_gmt":"2021-02-19T15:59:00","guid":{"rendered":"https:\/\/www.nus.agency\/cookie-policy-eu\/"},"modified":"2025-07-11T11:36:18","modified_gmt":"2025-07-11T09:36:18","slug":"cookie-policy-eu-2","status":"publish","type":"page","link":"https:\/\/www.nus.agency\/es\/cookie-policy-eu-2","title":{"rendered":"Cookie Policy (EU)"},"content":{"rendered":"\t\t<div data-elementor-type=\"wp-page\" data-elementor-id=\"8179\" class=\"elementor elementor-8179\" data-elementor-post-type=\"page\">\n\t\t\t\t\t\t<section class=\"elementor-section elementor-top-section elementor-element elementor-element-666b8dc5 section-page-top elementor-section-boxed elementor-section-height-default elementor-section-height-default\" data-id=\"666b8dc5\" data-element_type=\"section\" data-e-type=\"section\" data-settings=\"{&quot;background_background&quot;:&quot;classic&quot;}\">\n\t\t\t\t\t\t<div class=\"elementor-container elementor-column-gap-default\">\n\t\t\t\t\t<div class=\"elementor-column elementor-col-100 elementor-top-column elementor-element elementor-element-464df17f\" data-id=\"464df17f\" data-element_type=\"column\" data-e-type=\"column\">\n\t\t\t<div class=\"elementor-widget-wrap elementor-element-populated\">\n\t\t\t\t\t\t<div class=\"elementor-element elementor-element-33b2d4f elementor-widget elementor-widget-heading\" data-id=\"33b2d4f\" data-element_type=\"widget\" data-e-type=\"widget\" data-widget_type=\"heading.default\">\n\t\t\t\t<div class=\"elementor-widget-container\">\n\t\t\t\t\t<div class=\"elementor-heading-title elementor-size-xl\">Pol\u00edtica de cookies<\/div>\t\t\t\t<\/div>\n\t\t\t\t<\/div>\n\t\t\t\t\t<\/div>\n\t\t<\/div>\n\t\t\t\t\t<\/div>\n\t\t<\/section>\n\t\t\t\t<section class=\"elementor-section elementor-top-section elementor-element elementor-element-76f194e elementor-section-boxed elementor-section-height-default elementor-section-height-default\" data-id=\"76f194e\" data-element_type=\"section\" data-e-type=\"section\">\n\t\t\t\t\t\t<div class=\"elementor-container elementor-column-gap-default\">\n\t\t\t\t\t<div class=\"elementor-column elementor-col-100 elementor-top-column elementor-element elementor-element-5cb0c58\" data-id=\"5cb0c58\" data-element_type=\"column\" data-e-type=\"column\">\n\t\t\t<div class=\"elementor-widget-wrap elementor-element-populated\">\n\t\t\t\t\t\t<div class=\"elementor-element elementor-element-14eb547 elementor-widget elementor-widget-shortcode\" data-id=\"14eb547\" data-element_type=\"widget\" data-e-type=\"widget\" data-widget_type=\"shortcode.default\">\n\t\t\t\t<div class=\"elementor-widget-container\">\n\t\t\t\t\t\t\t<div class=\"elementor-shortcode\">[cmplz-document type=\"cookie-statement\" region=\"eu\"]<\/div>\n\t\t\t\t\t\t<\/div>\n\t\t\t\t<\/div>\n\t\t\t\t\t<\/div>\n\t\t<\/div>\n\t\t\t\t\t<\/div>\n\t\t<\/section>\n\t\t\t\t<\/div>\n\t\t","protected":false},"excerpt":{"rendered":"<p>Pol\u00edtica de cookies [cmplz-document type=\u00bbcookie-statement\u00bb region=\u00bbeu\u00bb]<\/p>\n","protected":false},"author":1,"featured_media":0,"parent":0,"menu_order":0,"comment_status":"closed","ping_status":"closed","template":"elementor_header_footer","meta":{"footnotes":""},"class_list":["post-8179","page","type-page","status-publish"],"yoast_head":"<!-- This site is optimized with the Yoast SEO Premium plugin v25.9 (Yoast SEO v27.3) - https:\/\/yoast.com\/product\/yoast-seo-premium-wordpress\/ -->\n<title>Cookie Policy (EU) - NUS Agency<\/title>\n<meta name=\"robots\" content=\"index, follow, max-snippet:-1, max-image-preview:large, max-video-preview:-1\" \/>\n<link rel=\"canonical\" href=\"https:\/\/www.nus.agency\/es\/cookie-policy-eu-2\" \/>\n<meta property=\"og:locale\" content=\"es_ES\" \/>\n<meta property=\"og:type\" content=\"article\" \/>\n<meta property=\"og:title\" content=\"Cookie Policy (EU)\" \/>\n<meta property=\"og:description\" content=\"Pol\u00edtica de cookies [cmplz-document type=\u00bbcookie-statement\u00bb region=\u00bbeu\u00bb]\" \/>\n<meta property=\"og:url\" content=\"https:\/\/www.nus.agency\/es\/cookie-policy-eu-2\" \/>\n<meta property=\"og:site_name\" content=\"NUS Agency\" \/>\n<meta property=\"article:publisher\" content=\"https:\/\/www.facebook.com\/Nus.Agency\" \/>\n<meta property=\"article:modified_time\" content=\"2025-07-11T09:36:18+00:00\" \/>\n<meta property=\"og:image\" content=\"https:\/\/www.nus.agency\/wp-content\/uploads\/2023\/11\/nus-agency.jpg\" \/>\n\t<meta property=\"og:image:width\" content=\"1200\" \/>\n\t<meta property=\"og:image:height\" content=\"675\" \/>\n\t<meta property=\"og:image:type\" content=\"image\/jpeg\" \/>\n<meta name=\"twitter:card\" content=\"summary_large_image\" \/>\n<meta name=\"twitter:site\" content=\"@NusUnidad\" \/>\n<meta name=\"twitter:label1\" content=\"Tiempo de lectura\" \/>\n\t<meta name=\"twitter:data1\" content=\"1 minuto\" \/>\n<script type=\"application\/ld+json\" class=\"yoast-schema-graph\">{\"@context\":\"https:\\\/\\\/schema.org\",\"@graph\":[{\"@type\":\"WebPage\",\"@id\":\"https:\\\/\\\/www.nus.agency\\\/es\\\/cookie-policy-eu-2\",\"url\":\"https:\\\/\\\/www.nus.agency\\\/es\\\/cookie-policy-eu-2\",\"name\":\"Cookie Policy (EU) - NUS Agency\",\"isPartOf\":{\"@id\":\"https:\\\/\\\/www.nus.agency\\\/es\\\/#website\"},\"datePublished\":\"2021-02-19T15:59:00+00:00\",\"dateModified\":\"2025-07-11T09:36:18+00:00\",\"breadcrumb\":{\"@id\":\"https:\\\/\\\/www.nus.agency\\\/es\\\/cookie-policy-eu-2#breadcrumb\"},\"inLanguage\":\"es\",\"potentialAction\":[{\"@type\":\"ReadAction\",\"target\":[\"https:\\\/\\\/www.nus.agency\\\/es\\\/cookie-policy-eu-2\"]}]},{\"@type\":\"BreadcrumbList\",\"@id\":\"https:\\\/\\\/www.nus.agency\\\/es\\\/cookie-policy-eu-2#breadcrumb\",\"itemListElement\":[{\"@type\":\"ListItem\",\"position\":1,\"name\":\"Inicio\",\"item\":\"https:\\\/\\\/www.nus.agency\\\/es\"},{\"@type\":\"ListItem\",\"position\":2,\"name\":\"Cookie Policy (EU)\"}]},{\"@type\":\"WebSite\",\"@id\":\"https:\\\/\\\/www.nus.agency\\\/es\\\/#website\",\"url\":\"https:\\\/\\\/www.nus.agency\\\/es\\\/\",\"name\":\"NUS Agency\",\"description\":\"Formaci\u00f3n especializada en el sector salud y bienestar. M\u00e1ster en Enfermer\u00eda Dermoest\u00e9tica, Fisioest\u00e9tica, Neurom\u00fasica, Terapia Breve.\",\"publisher\":{\"@id\":\"https:\\\/\\\/www.nus.agency\\\/es\\\/#organization\"},\"alternateName\":\"nus.agency\",\"potentialAction\":[{\"@type\":\"SearchAction\",\"target\":{\"@type\":\"EntryPoint\",\"urlTemplate\":\"https:\\\/\\\/www.nus.agency\\\/es\\\/?s={search_term_string}\"},\"query-input\":{\"@type\":\"PropertyValueSpecification\",\"valueRequired\":true,\"valueName\":\"search_term_string\"}}],\"inLanguage\":\"es\"},{\"@type\":\"Organization\",\"@id\":\"https:\\\/\\\/www.nus.agency\\\/es\\\/#organization\",\"name\":\"Nus Agency\",\"alternateName\":\"nus.agency\",\"url\":\"https:\\\/\\\/www.nus.agency\\\/es\\\/\",\"logo\":{\"@type\":\"ImageObject\",\"inLanguage\":\"es\",\"@id\":\"https:\\\/\\\/www.nus.agency\\\/es\\\/#\\\/schema\\\/logo\\\/image\\\/\",\"url\":\"https:\\\/\\\/www.nus.agency\\\/wp-content\\\/uploads\\\/2023\\\/09\\\/LOGO-NUS.png\",\"contentUrl\":\"https:\\\/\\\/www.nus.agency\\\/wp-content\\\/uploads\\\/2023\\\/09\\\/LOGO-NUS.png\",\"width\":500,\"height\":500,\"caption\":\"Nus Agency\"},\"image\":{\"@id\":\"https:\\\/\\\/www.nus.agency\\\/es\\\/#\\\/schema\\\/logo\\\/image\\\/\"},\"sameAs\":[\"https:\\\/\\\/www.facebook.com\\\/Nus.Agency\",\"https:\\\/\\\/x.com\\\/NusUnidad\",\"https:\\\/\\\/www.instagram.com\\\/nus.agency\\\/\",\"https:\\\/\\\/www.linkedin.com\\\/school\\\/nus-agency\\\/\",\"https:\\\/\\\/www.youtube.com\\\/channel\\\/UCcseK4CACJLLFX6J19Om5qQ\"]}]}<\/script>\n<!-- \/ Yoast SEO Premium plugin. -->","yoast_head_json":{"title":"Cookie Policy (EU) - NUS Agency","robots":{"index":"index","follow":"follow","max-snippet":"max-snippet:-1","max-image-preview":"max-image-preview:large","max-video-preview":"max-video-preview:-1"},"canonical":"https:\/\/www.nus.agency\/es\/cookie-policy-eu-2","og_locale":"es_ES","og_type":"article","og_title":"Cookie Policy (EU)","og_description":"Pol\u00edtica de cookies [cmplz-document type=\u00bbcookie-statement\u00bb region=\u00bbeu\u00bb]","og_url":"https:\/\/www.nus.agency\/es\/cookie-policy-eu-2","og_site_name":"NUS Agency","article_publisher":"https:\/\/www.facebook.com\/Nus.Agency","article_modified_time":"2025-07-11T09:36:18+00:00","og_image":[{"width":1200,"height":675,"url":"https:\/\/www.nus.agency\/wp-content\/uploads\/2023\/11\/nus-agency.jpg","type":"image\/jpeg"}],"twitter_card":"summary_large_image","twitter_site":"@NusUnidad","twitter_misc":{"Tiempo de lectura":"1 minuto"},"schema":{"@context":"https:\/\/schema.org","@graph":[{"@type":"WebPage","@id":"https:\/\/www.nus.agency\/es\/cookie-policy-eu-2","url":"https:\/\/www.nus.agency\/es\/cookie-policy-eu-2","name":"Cookie Policy (EU) - NUS Agency","isPartOf":{"@id":"https:\/\/www.nus.agency\/es\/#website"},"datePublished":"2021-02-19T15:59:00+00:00","dateModified":"2025-07-11T09:36:18+00:00","breadcrumb":{"@id":"https:\/\/www.nus.agency\/es\/cookie-policy-eu-2#breadcrumb"},"inLanguage":"es","potentialAction":[{"@type":"ReadAction","target":["https:\/\/www.nus.agency\/es\/cookie-policy-eu-2"]}]},{"@type":"BreadcrumbList","@id":"https:\/\/www.nus.agency\/es\/cookie-policy-eu-2#breadcrumb","itemListElement":[{"@type":"ListItem","position":1,"name":"Inicio","item":"https:\/\/www.nus.agency\/es"},{"@type":"ListItem","position":2,"name":"Cookie Policy (EU)"}]},{"@type":"WebSite","@id":"https:\/\/www.nus.agency\/es\/#website","url":"https:\/\/www.nus.agency\/es\/","name":"NUS Agency","description":"Formaci\u00f3n especializada en el sector salud y bienestar. M\u00e1ster en Enfermer\u00eda Dermoest\u00e9tica, Fisioest\u00e9tica, Neurom\u00fasica, Terapia Breve.","publisher":{"@id":"https:\/\/www.nus.agency\/es\/#organization"},"alternateName":"nus.agency","potentialAction":[{"@type":"SearchAction","target":{"@type":"EntryPoint","urlTemplate":"https:\/\/www.nus.agency\/es\/?s={search_term_string}"},"query-input":{"@type":"PropertyValueSpecification","valueRequired":true,"valueName":"search_term_string"}}],"inLanguage":"es"},{"@type":"Organization","@id":"https:\/\/www.nus.agency\/es\/#organization","name":"Nus Agency","alternateName":"nus.agency","url":"https:\/\/www.nus.agency\/es\/","logo":{"@type":"ImageObject","inLanguage":"es","@id":"https:\/\/www.nus.agency\/es\/#\/schema\/logo\/image\/","url":"https:\/\/www.nus.agency\/wp-content\/uploads\/2023\/09\/LOGO-NUS.png","contentUrl":"https:\/\/www.nus.agency\/wp-content\/uploads\/2023\/09\/LOGO-NUS.png","width":500,"height":500,"caption":"Nus Agency"},"image":{"@id":"https:\/\/www.nus.agency\/es\/#\/schema\/logo\/image\/"},"sameAs":["https:\/\/www.facebook.com\/Nus.Agency","https:\/\/x.com\/NusUnidad","https:\/\/www.instagram.com\/nus.agency\/","https:\/\/www.linkedin.com\/school\/nus-agency\/","https:\/\/www.youtube.com\/channel\/UCcseK4CACJLLFX6J19Om5qQ"]}]}},"_links":{"self":[{"href":"https:\/\/www.nus.agency\/es\/wp-json\/wp\/v2\/pages\/8179","targetHints":{"allow":["GET"]}}],"collection":[{"href":"https:\/\/www.nus.agency\/es\/wp-json\/wp\/v2\/pages"}],"about":[{"href":"https:\/\/www.nus.agency\/es\/wp-json\/wp\/v2\/types\/page"}],"author":[{"embeddable":true,"href":"https:\/\/www.nus.agency\/es\/wp-json\/wp\/v2\/users\/1"}],"replies":[{"embeddable":true,"href":"https:\/\/www.nus.agency\/es\/wp-json\/wp\/v2\/comments?post=8179"}],"version-history":[{"count":3,"href":"https:\/\/www.nus.agency\/es\/wp-json\/wp\/v2\/pages\/8179\/revisions"}],"predecessor-version":[{"id":89763,"href":"https:\/\/www.nus.agency\/es\/wp-json\/wp\/v2\/pages\/8179\/revisions\/89763"}],"wp:attachment":[{"href":"https:\/\/www.nus.agency\/es\/wp-json\/wp\/v2\/media?parent=8179"}],"curies":[{"name":"wp","href":"https:\/\/api.w.org\/{rel}","templated":true}]}}