{"id":89895,"date":"2025-07-24T14:49:08","date_gmt":"2025-07-24T12:49:08","guid":{"rendered":"https:\/\/www.nus.agency\/?page_id=89895"},"modified":"2025-07-30T09:36:24","modified_gmt":"2025-07-30T07:36:24","slug":"taller-cicatrices-fisioexpo-2025-nus-agency-naggura","status":"publish","type":"page","link":"https:\/\/www.nus.agency\/es\/taller-cicatrices-fisioexpo-2025-nus-agency-naggura","title":{"rendered":"Taller cicatrices postquir\u00fargicas abd\u00f3mino-pelviana | FisioExpo 2025 \u00b7 NUS Agency &amp; Naggura"},"content":{"rendered":"<p><img fetchpriority=\"high\" decoding=\"async\" src=\"https:\/\/www.nus.agency\/wp-content\/uploads\/2025\/07\/nus-agency-fisioexpo-2025-fisioestetica-dermatofuncional-taller-naggura-madrid-737x1024.jpg\" sizes=\"(max-width: 737px) 100vw, 737px\" srcset=\"https:\/\/www.nus.agency\/wp-content\/uploads\/2025\/07\/nus-agency-fisioexpo-2025-fisioestetica-dermatofuncional-taller-naggura-madrid-737x1024.jpg 737w, https:\/\/www.nus.agency\/wp-content\/uploads\/2025\/07\/nus-agency-fisioexpo-2025-fisioestetica-dermatofuncional-taller-naggura-madrid-216x300.jpg 216w, https:\/\/www.nus.agency\/wp-content\/uploads\/2025\/07\/nus-agency-fisioexpo-2025-fisioestetica-dermatofuncional-taller-naggura-madrid-768x1066.jpg 768w, https:\/\/www.nus.agency\/wp-content\/uploads\/2025\/07\/nus-agency-fisioexpo-2025-fisioestetica-dermatofuncional-taller-naggura-madrid-1106x1536.jpg 1106w, https:\/\/www.nus.agency\/wp-content\/uploads\/2025\/07\/nus-agency-fisioexpo-2025-fisioestetica-dermatofuncional-taller-naggura-madrid-1475x2048.jpg 1475w, https:\/\/www.nus.agency\/wp-content\/uploads\/2025\/07\/nus-agency-fisioexpo-2025-fisioestetica-dermatofuncional-taller-naggura-madrid.jpg 1688w\" alt=\"\" width=\"737\" height=\"1024\" \/><\/p>\n<p>Taller Fisioest\u00e9tica y Dermatofuncional<\/p>\n<h1>La Cara Oculta de las Cicatrices: Tratamiento Manual de Adherencias y Disfunciones Viscerales<\/h1>\n<p><strong>NUS Agency<\/strong> y <strong>Naggura<\/strong> te invitan a este <strong>taller especializado en el abordaje manual<\/strong> de las secuelas postquir\u00fargicas abd\u00f3mino-p\u00e9lvicas, <strong>dise\u00f1ado para potenciar tu formaci\u00f3n<\/strong> con un enfoque pr\u00e1ctico y respaldado por el m\u00e1s alto rigor cient\u00edfico en <strong>FisioExpo 2025.<\/strong><\/p>\n<ul>\n<li>IFEMA Madrid &#8211; Av. del Parten\u00f3n, 5, Barajas, 28042 Madrid<\/li>\n<li>D\u00eda domingo, 26 de octubre<\/li>\n<li>Hora de inicio 10:00 &#8211; 12:00<\/li>\n<\/ul>\n<p>Acerca del Taller<\/p>\n<p><strong><em>\u00bfQu\u00e9 pasa con el cuerpo despu\u00e9s de una cirug\u00eda abdominal o p\u00e9lvica? \u00bfC\u00f3mo abordamos desde la fisioterapia las secuelas invisibles que deja una cicatriz?<\/em><\/strong><\/p>\n<p>Descubrir\u00e1s en este taller c\u00f3mo reconocer y tratar disfunciones que van m\u00e1s all\u00e1 de lo superficial: adherencias, fibrosis, restricciones fasciales y disfunciones viscerales que pueden alterar la calidad de vida del paciente postquir\u00fargico.<\/p>\n<p>Mediante la presentaci\u00f3n de diversos casos cl\u00ednicos, <strong>Ricard Tutusaus <em>Codirector del M\u00e1ster de Formaci\u00f3n Permanente en Fisioest\u00e9tica y Dermatofuncional <\/em><\/strong>de<strong> NUS Agency<\/strong> mostrar\u00e1 c\u00f3mo aplicar t\u00e9cnicas manuales basadas en la evidencia para restaurar la movilidad tisular, aliviar el dolor y mejorar la funci\u00f3n org\u00e1nica de forma efectiva.<\/p>\n<p><img decoding=\"async\" src=\"https:\/\/www.nus.agency\/wp-content\/uploads\/2025\/07\/NUS-Agency-Fisioexpo-2025-Naggura-fisioestetica-dermatofuncional-Taller-IFEMA-Madrid-2-1-1024x1024.jpg\" sizes=\"(max-width: 1024px) 100vw, 1024px\" srcset=\"https:\/\/www.nus.agency\/wp-content\/uploads\/2025\/07\/NUS-Agency-Fisioexpo-2025-Naggura-fisioestetica-dermatofuncional-Taller-IFEMA-Madrid-2-1-1024x1024.jpg 1024w, https:\/\/www.nus.agency\/wp-content\/uploads\/2025\/07\/NUS-Agency-Fisioexpo-2025-Naggura-fisioestetica-dermatofuncional-Taller-IFEMA-Madrid-2-1-300x300.jpg 300w, https:\/\/www.nus.agency\/wp-content\/uploads\/2025\/07\/NUS-Agency-Fisioexpo-2025-Naggura-fisioestetica-dermatofuncional-Taller-IFEMA-Madrid-2-1-150x150.jpg 150w, https:\/\/www.nus.agency\/wp-content\/uploads\/2025\/07\/NUS-Agency-Fisioexpo-2025-Naggura-fisioestetica-dermatofuncional-Taller-IFEMA-Madrid-2-1-768x768.jpg 768w, https:\/\/www.nus.agency\/wp-content\/uploads\/2025\/07\/NUS-Agency-Fisioexpo-2025-Naggura-fisioestetica-dermatofuncional-Taller-IFEMA-Madrid-2-1-1536x1536.jpg 1536w, https:\/\/www.nus.agency\/wp-content\/uploads\/2025\/07\/NUS-Agency-Fisioexpo-2025-Naggura-fisioestetica-dermatofuncional-Taller-IFEMA-Madrid-2-1.jpg 1688w\" alt=\"\" width=\"1024\" height=\"1024\" \/><\/p>\n<p>Ricard Tutusaus<\/p>\n<p>Fisioterapeuta y Oste\u00f3pata. Doctor en Cirug\u00eda UAB. Especialista en Sistema Fascial y Abordaje Visceral. Codirector del M\u00e1ster en Fisioterapia Est\u00e9tica y Dermatofuncional de NUS Agency.<\/p>\n<p><img decoding=\"async\" src=\"https:\/\/www.nus.agency\/wp-content\/uploads\/2025\/07\/nus-agency-fisioestetica-ricard-tutusaus-taller-naggura-madrid.jpg\" sizes=\"(max-width: 938px) 100vw, 938px\" srcset=\"https:\/\/www.nus.agency\/wp-content\/uploads\/2025\/07\/nus-agency-fisioestetica-ricard-tutusaus-taller-naggura-madrid.jpg 938w, https:\/\/www.nus.agency\/wp-content\/uploads\/2025\/07\/nus-agency-fisioestetica-ricard-tutusaus-taller-naggura-madrid-300x300.jpg 300w, https:\/\/www.nus.agency\/wp-content\/uploads\/2025\/07\/nus-agency-fisioestetica-ricard-tutusaus-taller-naggura-madrid-150x150.jpg 150w, https:\/\/www.nus.agency\/wp-content\/uploads\/2025\/07\/nus-agency-fisioestetica-ricard-tutusaus-taller-naggura-madrid-768x768.jpg 768w\" alt=\"\" width=\"938\" height=\"938\" \/><br \/>\n<img loading=\"lazy\" decoding=\"async\" src=\"https:\/\/www.nus.agency\/wp-content\/uploads\/2025\/07\/NUS-Agency-fisioexpo-2025-Naggura-fisioestetica-dermatofuncional-Taller-IFEMA-Madrid--1024x1024.jpg\" sizes=\"(max-width: 1024px) 100vw, 1024px\" srcset=\"https:\/\/www.nus.agency\/wp-content\/uploads\/2025\/07\/NUS-Agency-fisioexpo-2025-Naggura-fisioestetica-dermatofuncional-Taller-IFEMA-Madrid--1024x1024.jpg 1024w, https:\/\/www.nus.agency\/wp-content\/uploads\/2025\/07\/NUS-Agency-fisioexpo-2025-Naggura-fisioestetica-dermatofuncional-Taller-IFEMA-Madrid--300x300.jpg 300w, https:\/\/www.nus.agency\/wp-content\/uploads\/2025\/07\/NUS-Agency-fisioexpo-2025-Naggura-fisioestetica-dermatofuncional-Taller-IFEMA-Madrid--150x150.jpg 150w, https:\/\/www.nus.agency\/wp-content\/uploads\/2025\/07\/NUS-Agency-fisioexpo-2025-Naggura-fisioestetica-dermatofuncional-Taller-IFEMA-Madrid--768x768.jpg 768w, https:\/\/www.nus.agency\/wp-content\/uploads\/2025\/07\/NUS-Agency-fisioexpo-2025-Naggura-fisioestetica-dermatofuncional-Taller-IFEMA-Madrid-.jpg 1080w\" alt=\"\" width=\"1024\" height=\"1024\" \/><\/p>\n<p><strong>NUS Agency<\/strong>\u00a0y\u00a0<strong>Naggura<\/strong>\u00a0te traen f<em><strong>ormaci\u00f3n pr\u00e1ctica<\/strong><\/em>\u00a0y herramientas para tu d\u00eda a d\u00eda cl\u00ednico,\u00a0<strong>apostando por un desarrollo profesional real<\/strong>.<\/p>\n<p>Desde NUS Agency, continuaremos impulsando la formaci\u00f3n de la comunidad de fisioterapeutas con nuevos webinars, workshops y masterclasses, en colaboraci\u00f3n con nuestras marcas aliadas.<\/p>\n<p>Ya estamos trabajando en <strong>nuevas propuestas formativas<\/strong> que muy pronto daremos a conocer: workshops, webinars y masterclasses dise\u00f1ados junto a nuestras marcas colaboradoras, con contenidos pr\u00e1cticos, actualizados y <strong>orientados a potenciar el desarrollo profesional del sector<\/strong>.<\/p>\n","protected":false},"excerpt":{"rendered":"<p>Taller Fisioest\u00e9tica y Dermatofuncional La Cara Oculta de las Cicatrices: Tratamiento Manual de Adherencias y Disfunciones Viscerales NUS Agency y Naggura te invitan a este taller especializado en el abordaje manual de las secuelas postquir\u00fargicas abd\u00f3mino-p\u00e9lvicas, dise\u00f1ado para potenciar tu formaci\u00f3n con un enfoque pr\u00e1ctico y respaldado por el m\u00e1s alto rigor cient\u00edfico en FisioExpo &#8230; <a title=\"Taller cicatrices postquir\u00fargicas abd\u00f3mino-pelviana | FisioExpo 2025 \u00b7 NUS Agency &amp; Naggura\" class=\"read-more\" href=\"https:\/\/www.nus.agency\/es\/taller-cicatrices-fisioexpo-2025-nus-agency-naggura\" aria-label=\"Leer m\u00e1s sobre Taller cicatrices postquir\u00fargicas abd\u00f3mino-pelviana | FisioExpo 2025 \u00b7 NUS Agency &amp; Naggura\">Leer m\u00e1s<\/a><\/p>\n","protected":false},"author":1,"featured_media":0,"parent":0,"menu_order":0,"comment_status":"closed","ping_status":"closed","template":"","meta":{"_joinchat":[],"footnotes":""},"class_list":["post-89895","page","type-page","status-publish"],"yoast_head":"<!-- This site is optimized with the Yoast SEO Premium plugin v25.9 (Yoast SEO v27.6) - https:\/\/yoast.com\/product\/yoast-seo-premium-wordpress\/ -->\n<title>Taller cicatrices postquir\u00fargicas abd\u00f3mino-pelviana | FisioExpo 2025 \u00b7 NUS Agency &amp; Naggura - NUS Agency<\/title>\n<meta name=\"description\" content=\"Descubre el abordaje manual de cicatrices postquir\u00fargicas en FisioExpo 2025 con NUS Agency y Naggura. Aprende con Ricard Tutusaus t\u00e9cnicas cl\u00ednicas basadas en evidencia para tratar adherencias, fibrosis y disfunciones viscerales.\" \/>\n<meta name=\"robots\" content=\"index, follow, max-snippet:-1, max-image-preview:large, max-video-preview:-1\" \/>\n<link rel=\"canonical\" href=\"https:\/\/www.nus.agency\/es\/taller-cicatrices-fisioexpo-2025-nus-agency-naggura\" \/>\n<meta property=\"og:locale\" content=\"es_ES\" \/>\n<meta property=\"og:type\" content=\"article\" \/>\n<meta property=\"og:title\" content=\"Taller cicatrices postquir\u00fargicas abd\u00f3mino-pelviana | FisioExpo 2025 \u00b7 NUS Agency &amp; Naggura\" \/>\n<meta property=\"og:description\" content=\"Descubre el abordaje manual de cicatrices postquir\u00fargicas en FisioExpo 2025 con NUS Agency y Naggura. Aprende con Ricard Tutusaus t\u00e9cnicas cl\u00ednicas basadas en evidencia para tratar adherencias, fibrosis y disfunciones viscerales.\" \/>\n<meta property=\"og:url\" content=\"https:\/\/www.nus.agency\/es\/taller-cicatrices-fisioexpo-2025-nus-agency-naggura\" \/>\n<meta property=\"og:site_name\" content=\"NUS Agency\" \/>\n<meta property=\"article:publisher\" content=\"https:\/\/www.facebook.com\/Nus.Agency\" \/>\n<meta property=\"article:modified_time\" content=\"2025-07-30T07:36:24+00:00\" \/>\n<meta property=\"og:image\" content=\"https:\/\/www.nus.agency\/wp-content\/uploads\/2025\/07\/nus-agency-fisioexpo-2025-fisioestetica-dermatofuncional-taller-naggura-madrid-737x1024.jpg\" \/>\n<meta name=\"twitter:card\" content=\"summary_large_image\" \/>\n<meta name=\"twitter:site\" content=\"@NusUnidad\" \/>\n<meta name=\"twitter:label1\" content=\"Tiempo de lectura\" \/>\n\t<meta name=\"twitter:data1\" content=\"3 minutos\" \/>\n<script type=\"application\/ld+json\" class=\"yoast-schema-graph\">{\"@context\":\"https:\\\/\\\/schema.org\",\"@graph\":[{\"@type\":\"WebPage\",\"@id\":\"https:\\\/\\\/www.nus.agency\\\/es\\\/taller-cicatrices-fisioexpo-2025-nus-agency-naggura\",\"url\":\"https:\\\/\\\/www.nus.agency\\\/es\\\/taller-cicatrices-fisioexpo-2025-nus-agency-naggura\",\"name\":\"Taller cicatrices postquir\u00fargicas abd\u00f3mino-pelviana | FisioExpo 2025 \u00b7 NUS Agency &amp; Naggura - NUS Agency\",\"isPartOf\":{\"@id\":\"https:\\\/\\\/www.nus.agency\\\/es\\\/#website\"},\"primaryImageOfPage\":{\"@id\":\"https:\\\/\\\/www.nus.agency\\\/es\\\/taller-cicatrices-fisioexpo-2025-nus-agency-naggura#primaryimage\"},\"image\":{\"@id\":\"https:\\\/\\\/www.nus.agency\\\/es\\\/taller-cicatrices-fisioexpo-2025-nus-agency-naggura#primaryimage\"},\"thumbnailUrl\":\"https:\\\/\\\/www.nus.agency\\\/wp-content\\\/uploads\\\/2025\\\/07\\\/nus-agency-fisioexpo-2025-fisioestetica-dermatofuncional-taller-naggura-madrid-737x1024.jpg\",\"datePublished\":\"2025-07-24T12:49:08+00:00\",\"dateModified\":\"2025-07-30T07:36:24+00:00\",\"description\":\"Descubre el abordaje manual de cicatrices postquir\u00fargicas en FisioExpo 2025 con NUS Agency y Naggura. Aprende con Ricard Tutusaus t\u00e9cnicas cl\u00ednicas basadas en evidencia para tratar adherencias, fibrosis y disfunciones viscerales.\",\"breadcrumb\":{\"@id\":\"https:\\\/\\\/www.nus.agency\\\/es\\\/taller-cicatrices-fisioexpo-2025-nus-agency-naggura#breadcrumb\"},\"inLanguage\":\"es\",\"potentialAction\":[{\"@type\":\"ReadAction\",\"target\":[\"https:\\\/\\\/www.nus.agency\\\/es\\\/taller-cicatrices-fisioexpo-2025-nus-agency-naggura\"]}]},{\"@type\":\"ImageObject\",\"inLanguage\":\"es\",\"@id\":\"https:\\\/\\\/www.nus.agency\\\/es\\\/taller-cicatrices-fisioexpo-2025-nus-agency-naggura#primaryimage\",\"url\":\"https:\\\/\\\/www.nus.agency\\\/wp-content\\\/uploads\\\/2025\\\/07\\\/nus-agency-fisioexpo-2025-fisioestetica-dermatofuncional-taller-naggura-madrid-737x1024.jpg\",\"contentUrl\":\"https:\\\/\\\/www.nus.agency\\\/wp-content\\\/uploads\\\/2025\\\/07\\\/nus-agency-fisioexpo-2025-fisioestetica-dermatofuncional-taller-naggura-madrid-737x1024.jpg\"},{\"@type\":\"BreadcrumbList\",\"@id\":\"https:\\\/\\\/www.nus.agency\\\/es\\\/taller-cicatrices-fisioexpo-2025-nus-agency-naggura#breadcrumb\",\"itemListElement\":[{\"@type\":\"ListItem\",\"position\":1,\"name\":\"Inicio\",\"item\":\"https:\\\/\\\/www.nus.agency\\\/es\"},{\"@type\":\"ListItem\",\"position\":2,\"name\":\"Taller cicatrices postquir\u00fargicas abd\u00f3mino-pelviana | FisioExpo 2025 \u00b7 NUS Agency &amp; Naggura\"}]},{\"@type\":\"WebSite\",\"@id\":\"https:\\\/\\\/www.nus.agency\\\/es\\\/#website\",\"url\":\"https:\\\/\\\/www.nus.agency\\\/es\\\/\",\"name\":\"NUS Agency\",\"description\":\"Formaci\u00f3n especializada en el sector salud y bienestar. M\u00e1ster en Enfermer\u00eda Dermoest\u00e9tica, Fisioest\u00e9tica, Neurom\u00fasica, Terapia Breve.\",\"publisher\":{\"@id\":\"https:\\\/\\\/www.nus.agency\\\/es\\\/#organization\"},\"alternateName\":\"nus.agency\",\"potentialAction\":[{\"@type\":\"SearchAction\",\"target\":{\"@type\":\"EntryPoint\",\"urlTemplate\":\"https:\\\/\\\/www.nus.agency\\\/es\\\/?s={search_term_string}\"},\"query-input\":{\"@type\":\"PropertyValueSpecification\",\"valueRequired\":true,\"valueName\":\"search_term_string\"}}],\"inLanguage\":\"es\"},{\"@type\":\"Organization\",\"@id\":\"https:\\\/\\\/www.nus.agency\\\/es\\\/#organization\",\"name\":\"Nus Agency\",\"alternateName\":\"nus.agency\",\"url\":\"https:\\\/\\\/www.nus.agency\\\/es\\\/\",\"logo\":{\"@type\":\"ImageObject\",\"inLanguage\":\"es\",\"@id\":\"https:\\\/\\\/www.nus.agency\\\/es\\\/#\\\/schema\\\/logo\\\/image\\\/\",\"url\":\"https:\\\/\\\/www.nus.agency\\\/wp-content\\\/uploads\\\/2023\\\/09\\\/LOGO-NUS.png\",\"contentUrl\":\"https:\\\/\\\/www.nus.agency\\\/wp-content\\\/uploads\\\/2023\\\/09\\\/LOGO-NUS.png\",\"width\":500,\"height\":500,\"caption\":\"Nus Agency\"},\"image\":{\"@id\":\"https:\\\/\\\/www.nus.agency\\\/es\\\/#\\\/schema\\\/logo\\\/image\\\/\"},\"sameAs\":[\"https:\\\/\\\/www.facebook.com\\\/Nus.Agency\",\"https:\\\/\\\/x.com\\\/NusUnidad\",\"https:\\\/\\\/www.instagram.com\\\/nus.agency\\\/\",\"https:\\\/\\\/www.linkedin.com\\\/school\\\/nus-agency\\\/\",\"https:\\\/\\\/www.youtube.com\\\/channel\\\/UCcseK4CACJLLFX6J19Om5qQ\"]}]}<\/script>\n<!-- \/ Yoast SEO Premium plugin. -->","yoast_head_json":{"title":"Taller cicatrices postquir\u00fargicas abd\u00f3mino-pelviana | FisioExpo 2025 \u00b7 NUS Agency &amp; Naggura - NUS Agency","description":"Descubre el abordaje manual de cicatrices postquir\u00fargicas en FisioExpo 2025 con NUS Agency y Naggura. Aprende con Ricard Tutusaus t\u00e9cnicas cl\u00ednicas basadas en evidencia para tratar adherencias, fibrosis y disfunciones viscerales.","robots":{"index":"index","follow":"follow","max-snippet":"max-snippet:-1","max-image-preview":"max-image-preview:large","max-video-preview":"max-video-preview:-1"},"canonical":"https:\/\/www.nus.agency\/es\/taller-cicatrices-fisioexpo-2025-nus-agency-naggura","og_locale":"es_ES","og_type":"article","og_title":"Taller cicatrices postquir\u00fargicas abd\u00f3mino-pelviana | FisioExpo 2025 \u00b7 NUS Agency &amp; Naggura","og_description":"Descubre el abordaje manual de cicatrices postquir\u00fargicas en FisioExpo 2025 con NUS Agency y Naggura. Aprende con Ricard Tutusaus t\u00e9cnicas cl\u00ednicas basadas en evidencia para tratar adherencias, fibrosis y disfunciones viscerales.","og_url":"https:\/\/www.nus.agency\/es\/taller-cicatrices-fisioexpo-2025-nus-agency-naggura","og_site_name":"NUS Agency","article_publisher":"https:\/\/www.facebook.com\/Nus.Agency","article_modified_time":"2025-07-30T07:36:24+00:00","og_image":[{"url":"https:\/\/www.nus.agency\/wp-content\/uploads\/2025\/07\/nus-agency-fisioexpo-2025-fisioestetica-dermatofuncional-taller-naggura-madrid-737x1024.jpg","type":"","width":"","height":""}],"twitter_card":"summary_large_image","twitter_site":"@NusUnidad","twitter_misc":{"Tiempo de lectura":"3 minutos"},"schema":{"@context":"https:\/\/schema.org","@graph":[{"@type":"WebPage","@id":"https:\/\/www.nus.agency\/es\/taller-cicatrices-fisioexpo-2025-nus-agency-naggura","url":"https:\/\/www.nus.agency\/es\/taller-cicatrices-fisioexpo-2025-nus-agency-naggura","name":"Taller cicatrices postquir\u00fargicas abd\u00f3mino-pelviana | FisioExpo 2025 \u00b7 NUS Agency &amp; Naggura - NUS Agency","isPartOf":{"@id":"https:\/\/www.nus.agency\/es\/#website"},"primaryImageOfPage":{"@id":"https:\/\/www.nus.agency\/es\/taller-cicatrices-fisioexpo-2025-nus-agency-naggura#primaryimage"},"image":{"@id":"https:\/\/www.nus.agency\/es\/taller-cicatrices-fisioexpo-2025-nus-agency-naggura#primaryimage"},"thumbnailUrl":"https:\/\/www.nus.agency\/wp-content\/uploads\/2025\/07\/nus-agency-fisioexpo-2025-fisioestetica-dermatofuncional-taller-naggura-madrid-737x1024.jpg","datePublished":"2025-07-24T12:49:08+00:00","dateModified":"2025-07-30T07:36:24+00:00","description":"Descubre el abordaje manual de cicatrices postquir\u00fargicas en FisioExpo 2025 con NUS Agency y Naggura. Aprende con Ricard Tutusaus t\u00e9cnicas cl\u00ednicas basadas en evidencia para tratar adherencias, fibrosis y disfunciones viscerales.","breadcrumb":{"@id":"https:\/\/www.nus.agency\/es\/taller-cicatrices-fisioexpo-2025-nus-agency-naggura#breadcrumb"},"inLanguage":"es","potentialAction":[{"@type":"ReadAction","target":["https:\/\/www.nus.agency\/es\/taller-cicatrices-fisioexpo-2025-nus-agency-naggura"]}]},{"@type":"ImageObject","inLanguage":"es","@id":"https:\/\/www.nus.agency\/es\/taller-cicatrices-fisioexpo-2025-nus-agency-naggura#primaryimage","url":"https:\/\/www.nus.agency\/wp-content\/uploads\/2025\/07\/nus-agency-fisioexpo-2025-fisioestetica-dermatofuncional-taller-naggura-madrid-737x1024.jpg","contentUrl":"https:\/\/www.nus.agency\/wp-content\/uploads\/2025\/07\/nus-agency-fisioexpo-2025-fisioestetica-dermatofuncional-taller-naggura-madrid-737x1024.jpg"},{"@type":"BreadcrumbList","@id":"https:\/\/www.nus.agency\/es\/taller-cicatrices-fisioexpo-2025-nus-agency-naggura#breadcrumb","itemListElement":[{"@type":"ListItem","position":1,"name":"Inicio","item":"https:\/\/www.nus.agency\/es"},{"@type":"ListItem","position":2,"name":"Taller cicatrices postquir\u00fargicas abd\u00f3mino-pelviana | FisioExpo 2025 \u00b7 NUS Agency &amp; Naggura"}]},{"@type":"WebSite","@id":"https:\/\/www.nus.agency\/es\/#website","url":"https:\/\/www.nus.agency\/es\/","name":"NUS Agency","description":"Formaci\u00f3n especializada en el sector salud y bienestar. M\u00e1ster en Enfermer\u00eda Dermoest\u00e9tica, Fisioest\u00e9tica, Neurom\u00fasica, Terapia Breve.","publisher":{"@id":"https:\/\/www.nus.agency\/es\/#organization"},"alternateName":"nus.agency","potentialAction":[{"@type":"SearchAction","target":{"@type":"EntryPoint","urlTemplate":"https:\/\/www.nus.agency\/es\/?s={search_term_string}"},"query-input":{"@type":"PropertyValueSpecification","valueRequired":true,"valueName":"search_term_string"}}],"inLanguage":"es"},{"@type":"Organization","@id":"https:\/\/www.nus.agency\/es\/#organization","name":"Nus Agency","alternateName":"nus.agency","url":"https:\/\/www.nus.agency\/es\/","logo":{"@type":"ImageObject","inLanguage":"es","@id":"https:\/\/www.nus.agency\/es\/#\/schema\/logo\/image\/","url":"https:\/\/www.nus.agency\/wp-content\/uploads\/2023\/09\/LOGO-NUS.png","contentUrl":"https:\/\/www.nus.agency\/wp-content\/uploads\/2023\/09\/LOGO-NUS.png","width":500,"height":500,"caption":"Nus Agency"},"image":{"@id":"https:\/\/www.nus.agency\/es\/#\/schema\/logo\/image\/"},"sameAs":["https:\/\/www.facebook.com\/Nus.Agency","https:\/\/x.com\/NusUnidad","https:\/\/www.instagram.com\/nus.agency\/","https:\/\/www.linkedin.com\/school\/nus-agency\/","https:\/\/www.youtube.com\/channel\/UCcseK4CACJLLFX6J19Om5qQ"]}]}},"_links":{"self":[{"href":"https:\/\/www.nus.agency\/es\/wp-json\/wp\/v2\/pages\/89895","targetHints":{"allow":["GET"]}}],"collection":[{"href":"https:\/\/www.nus.agency\/es\/wp-json\/wp\/v2\/pages"}],"about":[{"href":"https:\/\/www.nus.agency\/es\/wp-json\/wp\/v2\/types\/page"}],"author":[{"embeddable":true,"href":"https:\/\/www.nus.agency\/es\/wp-json\/wp\/v2\/users\/1"}],"replies":[{"embeddable":true,"href":"https:\/\/www.nus.agency\/es\/wp-json\/wp\/v2\/comments?post=89895"}],"version-history":[{"count":12,"href":"https:\/\/www.nus.agency\/es\/wp-json\/wp\/v2\/pages\/89895\/revisions"}],"predecessor-version":[{"id":90051,"href":"https:\/\/www.nus.agency\/es\/wp-json\/wp\/v2\/pages\/89895\/revisions\/90051"}],"wp:attachment":[{"href":"https:\/\/www.nus.agency\/es\/wp-json\/wp\/v2\/media?parent=89895"}],"curies":[{"name":"wp","href":"https:\/\/api.w.org\/{rel}","templated":true}]}}