{"id":91895,"date":"2025-12-10T12:33:40","date_gmt":"2025-12-10T10:33:40","guid":{"rendered":"https:\/\/www.nus.agency\/?page_id=91895"},"modified":"2025-12-11T10:35:19","modified_gmt":"2025-12-11T08:35:19","slug":"politica-calidad","status":"publish","type":"page","link":"https:\/\/www.nus.agency\/es\/politica-calidad","title":{"rendered":"Pol\u00edtica calidad"},"content":{"rendered":"\t\t<div data-elementor-type=\"wp-page\" data-elementor-id=\"91895\" class=\"elementor elementor-91895\" data-elementor-post-type=\"page\">\n\t\t\t\t\t\t<section class=\"elementor-section elementor-top-section elementor-element elementor-element-3ad66af elementor-section-boxed elementor-section-height-default elementor-section-height-default\" data-id=\"3ad66af\" data-element_type=\"section\" data-e-type=\"section\">\n\t\t\t\t\t\t<div class=\"elementor-container elementor-column-gap-default\">\n\t\t\t\t\t<div class=\"elementor-column elementor-col-100 elementor-top-column elementor-element elementor-element-a64dff8\" data-id=\"a64dff8\" data-element_type=\"column\" data-e-type=\"column\">\n\t\t\t<div class=\"elementor-widget-wrap elementor-element-populated\">\n\t\t\t\t\t\t<div class=\"elementor-element elementor-element-00e67e6 elementor-widget elementor-widget-heading\" data-id=\"00e67e6\" data-element_type=\"widget\" data-e-type=\"widget\" data-widget_type=\"heading.default\">\n\t\t\t\t<div class=\"elementor-widget-container\">\n\t\t\t\t\t<h1 class=\"elementor-heading-title elementor-size-default\">Pol\u00edtica de calidad<\/h1>\t\t\t\t<\/div>\n\t\t\t\t<\/div>\n\t\t\t\t<div class=\"elementor-element elementor-element-204ff40 elementor-widget-divider--view-line elementor-widget elementor-widget-divider\" data-id=\"204ff40\" data-element_type=\"widget\" data-e-type=\"widget\" data-widget_type=\"divider.default\">\n\t\t\t\t<div class=\"elementor-widget-container\">\n\t\t\t\t\t\t\t<div class=\"elementor-divider\">\n\t\t\t<span class=\"elementor-divider-separator\">\n\t\t\t\t\t\t<\/span>\n\t\t<\/div>\n\t\t\t\t\t\t<\/div>\n\t\t\t\t<\/div>\n\t\t\t\t\t<\/div>\n\t\t<\/div>\n\t\t\t\t\t<\/div>\n\t\t<\/section>\n\t\t\t\t<section class=\"elementor-section elementor-top-section elementor-element elementor-element-6e9fc5d elementor-section-boxed elementor-section-height-default elementor-section-height-default\" data-id=\"6e9fc5d\" data-element_type=\"section\" data-e-type=\"section\">\n\t\t\t\t\t\t<div class=\"elementor-container elementor-column-gap-default\">\n\t\t\t\t\t<div class=\"elementor-column elementor-col-100 elementor-top-column elementor-element elementor-element-be874ee\" data-id=\"be874ee\" data-element_type=\"column\" data-e-type=\"column\">\n\t\t\t<div class=\"elementor-widget-wrap elementor-element-populated\">\n\t\t\t\t\t\t<div class=\"elementor-element elementor-element-9a6ccb2 elementor-widget elementor-widget-text-editor\" data-id=\"9a6ccb2\" data-element_type=\"widget\" data-e-type=\"widget\" data-widget_type=\"text-editor.default\">\n\t\t\t\t<div class=\"elementor-widget-container\">\n\t\t\t\t\t\t\t\t\t<p><span data-contrast=\"auto\">NUS CONSULTORIA S.L., es una empresa l\u00edder y altamente especializada en la creaci\u00f3n y desarrollo de programas formativos para profesionales del sector salud, donde la calidad del Servicio es un elemento fundamental.\u00a0<\/span><span data-ccp-props=\"{&quot;201341983&quot;:0,&quot;335551550&quot;:6,&quot;335551620&quot;:6,&quot;335559740&quot;:360}\">\u00a0<\/span><\/p><p><span data-contrast=\"auto\">Alcance: <\/span><b><span data-contrast=\"none\">C<\/span><\/b><b><span data-contrast=\"none\">reaci\u00f3n y desarrollo de programas formativos para profesionales del sector salud<\/span><\/b><span data-ccp-props=\"{&quot;201341983&quot;:0,&quot;335551550&quot;:6,&quot;335551620&quot;:6,&quot;335559740&quot;:360}\">\u00a0<\/span><\/p><p><span data-contrast=\"auto\">NUS CONSULTORIA S.L. ha implantado un sistema de calidad basado en los requisitos de la norma UNE-EN ISO 9001:2015.<\/span><span data-ccp-props=\"{&quot;201341983&quot;:0,&quot;335551550&quot;:6,&quot;335551620&quot;:6,&quot;335559740&quot;:360}\">\u00a0<\/span><\/p><p><span data-contrast=\"auto\">Estamos comprometidos con la excelencia en la educaci\u00f3n y la formaci\u00f3n profesional. Nuestra pol\u00edtica de calidad se basa en los siguientes principios:<\/span><span data-ccp-props=\"{&quot;201341983&quot;:0,&quot;335551550&quot;:6,&quot;335551620&quot;:6,&quot;335559740&quot;:360}\">\u00a0<\/span><\/p><ol><li aria-setsize=\"-1\" data-leveltext=\"%1.\" data-font=\"Arial\" data-listid=\"1\" data-list-defn-props=\"{&quot;335552541&quot;:0,&quot;335559685&quot;:720,&quot;335559991&quot;:360,&quot;469769242&quot;:[65533,0],&quot;469777803&quot;:&quot;left&quot;,&quot;469777804&quot;:&quot;%1.&quot;,&quot;469777815&quot;:&quot;hybridMultilevel&quot;}\" data-aria-posinset=\"1\" data-aria-level=\"1\"><b><span data-contrast=\"none\">Satisfacci\u00f3n del Cliente<\/span><\/b><span data-contrast=\"none\">: Nos esforzamos por entender y satisfacer las necesidades y expectativas de nuestros estudiantes, empresas colaboradoras y otras partes interesadas.<\/span><span data-ccp-props=\"{&quot;201341983&quot;:0,&quot;335559738&quot;:210,&quot;335559739&quot;:210,&quot;335559740&quot;:360}\">\u00a0<\/span><\/li><\/ol><ol><li aria-setsize=\"-1\" data-leveltext=\"%1.\" data-font=\"Arial\" data-listid=\"1\" data-list-defn-props=\"{&quot;335552541&quot;:0,&quot;335559685&quot;:720,&quot;335559991&quot;:360,&quot;469769242&quot;:[65533,0],&quot;469777803&quot;:&quot;left&quot;,&quot;469777804&quot;:&quot;%1.&quot;,&quot;469777815&quot;:&quot;hybridMultilevel&quot;}\" data-aria-posinset=\"2\" data-aria-level=\"1\"><b><span data-contrast=\"none\">Mejora Continua<\/span><\/b><span data-contrast=\"none\">: Fomentamos una cultura de mejora continua en todos nuestros procesos y servicios, utilizando el ciclo PDCA (Planificar, Hacer, Verificar, Actuar) para garantizar la eficacia de nuestro sistema de gesti\u00f3n de calidad.<\/span><span data-ccp-props=\"{&quot;201341983&quot;:0,&quot;335559738&quot;:210,&quot;335559739&quot;:210,&quot;335559740&quot;:360}\">\u00a0<\/span><\/li><\/ol><ol><li aria-setsize=\"-1\" data-leveltext=\"%1.\" data-font=\"Arial\" data-listid=\"1\" data-list-defn-props=\"{&quot;335552541&quot;:0,&quot;335559685&quot;:720,&quot;335559991&quot;:360,&quot;469769242&quot;:[65533,0],&quot;469777803&quot;:&quot;left&quot;,&quot;469777804&quot;:&quot;%1.&quot;,&quot;469777815&quot;:&quot;hybridMultilevel&quot;}\" data-aria-posinset=\"3\" data-aria-level=\"1\"><b><span data-contrast=\"none\">Cumplimiento Normativo<\/span><\/b><span data-contrast=\"none\">: Aseguramos el cumplimiento de todos los requisitos legales y reglamentarios aplicables, as\u00ed como de las normas ISO 9001:2015.<\/span><span data-ccp-props=\"{&quot;201341983&quot;:0,&quot;335559738&quot;:210,&quot;335559739&quot;:210,&quot;335559740&quot;:360}\">\u00a0<\/span><\/li><\/ol><ol><li aria-setsize=\"-1\" data-leveltext=\"%1.\" data-font=\"Arial\" data-listid=\"1\" data-list-defn-props=\"{&quot;335552541&quot;:0,&quot;335559685&quot;:720,&quot;335559991&quot;:360,&quot;469769242&quot;:[65533,0],&quot;469777803&quot;:&quot;left&quot;,&quot;469777804&quot;:&quot;%1.&quot;,&quot;469777815&quot;:&quot;hybridMultilevel&quot;}\" data-aria-posinset=\"4\" data-aria-level=\"1\"><b><span data-contrast=\"none\">Desarrollo del Personal<\/span><\/b><span data-contrast=\"none\">: Promovemos el desarrollo profesional y personal de nuestros empleados a trav\u00e9s de la formaci\u00f3n continua y el reconocimiento de su desempe\u00f1o.<\/span><span data-ccp-props=\"{&quot;201341983&quot;:0,&quot;335559738&quot;:210,&quot;335559739&quot;:210,&quot;335559740&quot;:360}\">\u00a0<\/span><\/li><\/ol><ol><li aria-setsize=\"-1\" data-leveltext=\"%1.\" data-font=\"Arial\" data-listid=\"1\" data-list-defn-props=\"{&quot;335552541&quot;:0,&quot;335559685&quot;:720,&quot;335559991&quot;:360,&quot;469769242&quot;:[65533,0],&quot;469777803&quot;:&quot;left&quot;,&quot;469777804&quot;:&quot;%1.&quot;,&quot;469777815&quot;:&quot;hybridMultilevel&quot;}\" data-aria-posinset=\"5\" data-aria-level=\"1\"><b><span data-contrast=\"none\">Innovaci\u00f3n<\/span><\/b><span data-contrast=\"none\">: Fomentamos la innovaci\u00f3n en nuestros m\u00e9todos de ense\u00f1anza y en la gesti\u00f3n de nuestros recursos, para ofrecer una formaci\u00f3n de alta calidad y adaptada a las necesidades del mercado laboral.<\/span><span data-ccp-props=\"{&quot;201341983&quot;:0,&quot;335559738&quot;:210,&quot;335559739&quot;:210,&quot;335559740&quot;:360}\">\u00a0<\/span><\/li><\/ol><ol><li aria-setsize=\"-1\" data-leveltext=\"%1.\" data-font=\"Arial\" data-listid=\"1\" data-list-defn-props=\"{&quot;335552541&quot;:0,&quot;335559685&quot;:720,&quot;335559991&quot;:360,&quot;469769242&quot;:[65533,0],&quot;469777803&quot;:&quot;left&quot;,&quot;469777804&quot;:&quot;%1.&quot;,&quot;469777815&quot;:&quot;hybridMultilevel&quot;}\" data-aria-posinset=\"6\" data-aria-level=\"1\"><b><span data-contrast=\"none\">Responsabilidad Social<\/span><\/b><span data-contrast=\"none\">: Nos comprometemos con la responsabilidad social, promoviendo pr\u00e1cticas sostenibles y \u00e9ticas en todas nuestras actividades.<\/span><span data-ccp-props=\"{&quot;201341983&quot;:0,&quot;335559738&quot;:210,&quot;335559739&quot;:210,&quot;335559740&quot;:360}\">\u00a0<\/span><\/li><\/ol><p><span data-contrast=\"auto\">Esta pol\u00edtica de calidad es comunicada y entendida por todos los miembros de nuestra organizaci\u00f3n y est\u00e1 disponible para todas las partes interesadas. Nos comprometemos a revisarla peri\u00f3dicamente para asegurar su continua adecuaci\u00f3n y eficacia.<\/span><span data-ccp-props=\"{&quot;201341983&quot;:0,&quot;335551550&quot;:6,&quot;335551620&quot;:6,&quot;335559740&quot;:360}\">\u00a0<\/span><\/p><p><i><span data-contrast=\"auto\">La direcci\u00f3n y el responsable del Sistema de Gesti\u00f3n de Calidad establecido ser\u00e1 el encargado de revisar peri\u00f3dicamente el sistema para garantizar y mantener la eficacia y eficiencia del servicio. La direcci\u00f3n es responsable de revisar peri\u00f3dicamente esta pol\u00edtica en la revisi\u00f3n por direcci\u00f3n para tener en cuenta los cambios en las condiciones del entorno y retroalimentaci\u00f3n de las partes interesadas. La direcci\u00f3n proporciona los medios humanos, t\u00e9cnicos y econ\u00f3micos que sean necesarios para alcanzar los objetivos establecidos.<\/span><\/i><span data-ccp-props=\"{&quot;201341983&quot;:0,&quot;335551550&quot;:6,&quot;335551620&quot;:6,&quot;335559740&quot;:360}\">\u00a0<\/span><\/p><p><span data-ccp-props=\"{&quot;201341983&quot;:0,&quot;335551550&quot;:6,&quot;335551620&quot;:6,&quot;335559740&quot;:360}\">\u00a0<\/span><\/p><p><span data-contrast=\"auto\">En Barcelona, a 16 de septiembre de 2025<\/span><span data-ccp-props=\"{&quot;201341983&quot;:0,&quot;335551550&quot;:3,&quot;335551620&quot;:3,&quot;335559740&quot;:360}\">\u00a0<\/span><\/p><p><span data-contrast=\"auto\">Firmado: Direcci\u00f3n\u00a0<\/span><span data-ccp-props=\"{&quot;201341983&quot;:0,&quot;335551550&quot;:3,&quot;335551620&quot;:3,&quot;335559740&quot;:360}\">\u00a0<\/span><\/p>\t\t\t\t\t\t\t\t<\/div>\n\t\t\t\t<\/div>\n\t\t\t\t\t<\/div>\n\t\t<\/div>\n\t\t\t\t\t<\/div>\n\t\t<\/section>\n\t\t\t\t<\/div>\n\t\t","protected":false},"excerpt":{"rendered":"<p>Pol\u00edtica de calidad NUS CONSULTORIA S.L., es una empresa l\u00edder y altamente especializada en la creaci\u00f3n y desarrollo de programas formativos para profesionales del sector salud, donde la calidad del Servicio es un elemento fundamental.\u00a0\u00a0 Alcance: Creaci\u00f3n y desarrollo de programas formativos para profesionales del sector salud\u00a0 NUS CONSULTORIA S.L. ha implantado un sistema de &#8230; <a title=\"Pol\u00edtica calidad\" class=\"read-more\" href=\"https:\/\/www.nus.agency\/es\/politica-calidad\" aria-label=\"Leer m\u00e1s sobre Pol\u00edtica calidad\">Leer m\u00e1s<\/a><\/p>\n","protected":false},"author":1,"featured_media":0,"parent":0,"menu_order":0,"comment_status":"closed","ping_status":"closed","template":"","meta":{"_joinchat":[],"footnotes":""},"class_list":["post-91895","page","type-page","status-publish"],"yoast_head":"<!-- This site is optimized with the Yoast SEO Premium plugin v25.9 (Yoast SEO v27.4) - https:\/\/yoast.com\/product\/yoast-seo-premium-wordpress\/ -->\n<title>Pol\u00edtica calidad - NUS Agency<\/title>\n<meta name=\"robots\" content=\"index, follow, max-snippet:-1, max-image-preview:large, max-video-preview:-1\" \/>\n<link rel=\"canonical\" href=\"https:\/\/www.nus.agency\/es\/politica-calidad\" \/>\n<meta property=\"og:locale\" content=\"es_ES\" \/>\n<meta property=\"og:type\" content=\"article\" \/>\n<meta property=\"og:title\" content=\"Pol\u00edtica calidad\" \/>\n<meta property=\"og:description\" content=\"Pol\u00edtica de calidad NUS CONSULTORIA S.L., es una empresa l\u00edder y altamente especializada en la creaci\u00f3n y desarrollo de programas formativos para profesionales del sector salud, donde la calidad del Servicio es un elemento fundamental.\u00a0\u00a0 Alcance: Creaci\u00f3n y desarrollo de programas formativos para profesionales del sector salud\u00a0 NUS CONSULTORIA S.L. ha implantado un sistema de ... Leer m\u00e1s\" \/>\n<meta property=\"og:url\" content=\"https:\/\/www.nus.agency\/es\/politica-calidad\" \/>\n<meta property=\"og:site_name\" content=\"NUS Agency\" \/>\n<meta property=\"article:publisher\" content=\"https:\/\/www.facebook.com\/Nus.Agency\" \/>\n<meta property=\"article:modified_time\" content=\"2025-12-11T08:35:19+00:00\" \/>\n<meta property=\"og:image\" content=\"https:\/\/www.nus.agency\/wp-content\/uploads\/2023\/11\/nus-agency.jpg\" \/>\n\t<meta property=\"og:image:width\" content=\"1200\" \/>\n\t<meta property=\"og:image:height\" content=\"675\" \/>\n\t<meta property=\"og:image:type\" content=\"image\/jpeg\" \/>\n<meta name=\"twitter:card\" content=\"summary_large_image\" \/>\n<meta name=\"twitter:site\" content=\"@NusUnidad\" \/>\n<meta name=\"twitter:label1\" content=\"Tiempo de lectura\" \/>\n\t<meta name=\"twitter:data1\" content=\"2 minutos\" \/>\n<script type=\"application\/ld+json\" class=\"yoast-schema-graph\">{\"@context\":\"https:\\\/\\\/schema.org\",\"@graph\":[{\"@type\":\"WebPage\",\"@id\":\"https:\\\/\\\/www.nus.agency\\\/es\\\/politica-calidad\",\"url\":\"https:\\\/\\\/www.nus.agency\\\/es\\\/politica-calidad\",\"name\":\"Pol\u00edtica calidad - NUS Agency\",\"isPartOf\":{\"@id\":\"https:\\\/\\\/www.nus.agency\\\/es\\\/#website\"},\"datePublished\":\"2025-12-10T10:33:40+00:00\",\"dateModified\":\"2025-12-11T08:35:19+00:00\",\"breadcrumb\":{\"@id\":\"https:\\\/\\\/www.nus.agency\\\/es\\\/politica-calidad#breadcrumb\"},\"inLanguage\":\"es\",\"potentialAction\":[{\"@type\":\"ReadAction\",\"target\":[\"https:\\\/\\\/www.nus.agency\\\/es\\\/politica-calidad\"]}]},{\"@type\":\"BreadcrumbList\",\"@id\":\"https:\\\/\\\/www.nus.agency\\\/es\\\/politica-calidad#breadcrumb\",\"itemListElement\":[{\"@type\":\"ListItem\",\"position\":1,\"name\":\"Inicio\",\"item\":\"https:\\\/\\\/www.nus.agency\\\/es\"},{\"@type\":\"ListItem\",\"position\":2,\"name\":\"Pol\u00edtica calidad\"}]},{\"@type\":\"WebSite\",\"@id\":\"https:\\\/\\\/www.nus.agency\\\/es\\\/#website\",\"url\":\"https:\\\/\\\/www.nus.agency\\\/es\\\/\",\"name\":\"NUS Agency\",\"description\":\"Formaci\u00f3n especializada en el sector salud y bienestar. M\u00e1ster en Enfermer\u00eda Dermoest\u00e9tica, Fisioest\u00e9tica, Neurom\u00fasica, Terapia Breve.\",\"publisher\":{\"@id\":\"https:\\\/\\\/www.nus.agency\\\/es\\\/#organization\"},\"alternateName\":\"nus.agency\",\"potentialAction\":[{\"@type\":\"SearchAction\",\"target\":{\"@type\":\"EntryPoint\",\"urlTemplate\":\"https:\\\/\\\/www.nus.agency\\\/es\\\/?s={search_term_string}\"},\"query-input\":{\"@type\":\"PropertyValueSpecification\",\"valueRequired\":true,\"valueName\":\"search_term_string\"}}],\"inLanguage\":\"es\"},{\"@type\":\"Organization\",\"@id\":\"https:\\\/\\\/www.nus.agency\\\/es\\\/#organization\",\"name\":\"Nus Agency\",\"alternateName\":\"nus.agency\",\"url\":\"https:\\\/\\\/www.nus.agency\\\/es\\\/\",\"logo\":{\"@type\":\"ImageObject\",\"inLanguage\":\"es\",\"@id\":\"https:\\\/\\\/www.nus.agency\\\/es\\\/#\\\/schema\\\/logo\\\/image\\\/\",\"url\":\"https:\\\/\\\/www.nus.agency\\\/wp-content\\\/uploads\\\/2023\\\/09\\\/LOGO-NUS.png\",\"contentUrl\":\"https:\\\/\\\/www.nus.agency\\\/wp-content\\\/uploads\\\/2023\\\/09\\\/LOGO-NUS.png\",\"width\":500,\"height\":500,\"caption\":\"Nus Agency\"},\"image\":{\"@id\":\"https:\\\/\\\/www.nus.agency\\\/es\\\/#\\\/schema\\\/logo\\\/image\\\/\"},\"sameAs\":[\"https:\\\/\\\/www.facebook.com\\\/Nus.Agency\",\"https:\\\/\\\/x.com\\\/NusUnidad\",\"https:\\\/\\\/www.instagram.com\\\/nus.agency\\\/\",\"https:\\\/\\\/www.linkedin.com\\\/school\\\/nus-agency\\\/\",\"https:\\\/\\\/www.youtube.com\\\/channel\\\/UCcseK4CACJLLFX6J19Om5qQ\"]}]}<\/script>\n<!-- \/ Yoast SEO Premium plugin. -->","yoast_head_json":{"title":"Pol\u00edtica calidad - NUS Agency","robots":{"index":"index","follow":"follow","max-snippet":"max-snippet:-1","max-image-preview":"max-image-preview:large","max-video-preview":"max-video-preview:-1"},"canonical":"https:\/\/www.nus.agency\/es\/politica-calidad","og_locale":"es_ES","og_type":"article","og_title":"Pol\u00edtica calidad","og_description":"Pol\u00edtica de calidad NUS CONSULTORIA S.L., es una empresa l\u00edder y altamente especializada en la creaci\u00f3n y desarrollo de programas formativos para profesionales del sector salud, donde la calidad del Servicio es un elemento fundamental.\u00a0\u00a0 Alcance: Creaci\u00f3n y desarrollo de programas formativos para profesionales del sector salud\u00a0 NUS CONSULTORIA S.L. ha implantado un sistema de ... Leer m\u00e1s","og_url":"https:\/\/www.nus.agency\/es\/politica-calidad","og_site_name":"NUS Agency","article_publisher":"https:\/\/www.facebook.com\/Nus.Agency","article_modified_time":"2025-12-11T08:35:19+00:00","og_image":[{"width":1200,"height":675,"url":"https:\/\/www.nus.agency\/wp-content\/uploads\/2023\/11\/nus-agency.jpg","type":"image\/jpeg"}],"twitter_card":"summary_large_image","twitter_site":"@NusUnidad","twitter_misc":{"Tiempo de lectura":"2 minutos"},"schema":{"@context":"https:\/\/schema.org","@graph":[{"@type":"WebPage","@id":"https:\/\/www.nus.agency\/es\/politica-calidad","url":"https:\/\/www.nus.agency\/es\/politica-calidad","name":"Pol\u00edtica calidad - NUS Agency","isPartOf":{"@id":"https:\/\/www.nus.agency\/es\/#website"},"datePublished":"2025-12-10T10:33:40+00:00","dateModified":"2025-12-11T08:35:19+00:00","breadcrumb":{"@id":"https:\/\/www.nus.agency\/es\/politica-calidad#breadcrumb"},"inLanguage":"es","potentialAction":[{"@type":"ReadAction","target":["https:\/\/www.nus.agency\/es\/politica-calidad"]}]},{"@type":"BreadcrumbList","@id":"https:\/\/www.nus.agency\/es\/politica-calidad#breadcrumb","itemListElement":[{"@type":"ListItem","position":1,"name":"Inicio","item":"https:\/\/www.nus.agency\/es"},{"@type":"ListItem","position":2,"name":"Pol\u00edtica calidad"}]},{"@type":"WebSite","@id":"https:\/\/www.nus.agency\/es\/#website","url":"https:\/\/www.nus.agency\/es\/","name":"NUS Agency","description":"Formaci\u00f3n especializada en el sector salud y bienestar. M\u00e1ster en Enfermer\u00eda Dermoest\u00e9tica, Fisioest\u00e9tica, Neurom\u00fasica, Terapia Breve.","publisher":{"@id":"https:\/\/www.nus.agency\/es\/#organization"},"alternateName":"nus.agency","potentialAction":[{"@type":"SearchAction","target":{"@type":"EntryPoint","urlTemplate":"https:\/\/www.nus.agency\/es\/?s={search_term_string}"},"query-input":{"@type":"PropertyValueSpecification","valueRequired":true,"valueName":"search_term_string"}}],"inLanguage":"es"},{"@type":"Organization","@id":"https:\/\/www.nus.agency\/es\/#organization","name":"Nus Agency","alternateName":"nus.agency","url":"https:\/\/www.nus.agency\/es\/","logo":{"@type":"ImageObject","inLanguage":"es","@id":"https:\/\/www.nus.agency\/es\/#\/schema\/logo\/image\/","url":"https:\/\/www.nus.agency\/wp-content\/uploads\/2023\/09\/LOGO-NUS.png","contentUrl":"https:\/\/www.nus.agency\/wp-content\/uploads\/2023\/09\/LOGO-NUS.png","width":500,"height":500,"caption":"Nus Agency"},"image":{"@id":"https:\/\/www.nus.agency\/es\/#\/schema\/logo\/image\/"},"sameAs":["https:\/\/www.facebook.com\/Nus.Agency","https:\/\/x.com\/NusUnidad","https:\/\/www.instagram.com\/nus.agency\/","https:\/\/www.linkedin.com\/school\/nus-agency\/","https:\/\/www.youtube.com\/channel\/UCcseK4CACJLLFX6J19Om5qQ"]}]}},"_links":{"self":[{"href":"https:\/\/www.nus.agency\/es\/wp-json\/wp\/v2\/pages\/91895","targetHints":{"allow":["GET"]}}],"collection":[{"href":"https:\/\/www.nus.agency\/es\/wp-json\/wp\/v2\/pages"}],"about":[{"href":"https:\/\/www.nus.agency\/es\/wp-json\/wp\/v2\/types\/page"}],"author":[{"embeddable":true,"href":"https:\/\/www.nus.agency\/es\/wp-json\/wp\/v2\/users\/1"}],"replies":[{"embeddable":true,"href":"https:\/\/www.nus.agency\/es\/wp-json\/wp\/v2\/comments?post=91895"}],"version-history":[{"count":10,"href":"https:\/\/www.nus.agency\/es\/wp-json\/wp\/v2\/pages\/91895\/revisions"}],"predecessor-version":[{"id":91912,"href":"https:\/\/www.nus.agency\/es\/wp-json\/wp\/v2\/pages\/91895\/revisions\/91912"}],"wp:attachment":[{"href":"https:\/\/www.nus.agency\/es\/wp-json\/wp\/v2\/media?parent=91895"}],"curies":[{"name":"wp","href":"https:\/\/api.w.org\/{rel}","templated":true}]}}