{"id":9448,"date":"2021-03-02T16:31:00","date_gmt":"2021-03-02T14:31:00","guid":{"rendered":"https:\/\/www.nus.agency\/?page_id=9448"},"modified":"2024-12-05T17:20:17","modified_gmt":"2024-12-05T15:20:17","slug":"consentimiento-expreso-clientes","status":"publish","type":"page","link":"https:\/\/www.nus.agency\/es\/consentimiento-expreso-clientes","title":{"rendered":"Consentimiento expreso clientes"},"content":{"rendered":"\t\t<div data-elementor-type=\"wp-page\" data-elementor-id=\"9448\" class=\"elementor elementor-9448\" data-elementor-post-type=\"page\">\n\t\t\t\t\t\t<section class=\"elementor-section elementor-top-section elementor-element elementor-element-a75cec9 section-page-top elementor-section-boxed elementor-section-height-default elementor-section-height-default\" data-id=\"a75cec9\" data-element_type=\"section\" data-e-type=\"section\" data-settings=\"{&quot;background_background&quot;:&quot;classic&quot;}\">\n\t\t\t\t\t\t<div class=\"elementor-container elementor-column-gap-default\">\n\t\t\t\t\t<div class=\"elementor-column elementor-col-100 elementor-top-column elementor-element elementor-element-a0d8e2b\" data-id=\"a0d8e2b\" data-element_type=\"column\" data-e-type=\"column\">\n\t\t\t<div class=\"elementor-widget-wrap elementor-element-populated\">\n\t\t\t\t\t\t<div class=\"elementor-element elementor-element-732acd2 elementor-widget elementor-widget-heading\" data-id=\"732acd2\" data-element_type=\"widget\" data-e-type=\"widget\" data-widget_type=\"heading.default\">\n\t\t\t\t<div class=\"elementor-widget-container\">\n\t\t\t\t\t<div class=\"elementor-heading-title elementor-size-medium\">Consentimiento expreso clientes GDPR Y Condiciones de Compra<\/div>\t\t\t\t<\/div>\n\t\t\t\t<\/div>\n\t\t\t\t\t<\/div>\n\t\t<\/div>\n\t\t\t\t\t<\/div>\n\t\t<\/section>\n\t\t\t\t<section class=\"elementor-section elementor-top-section elementor-element elementor-element-477203d elementor-section-boxed elementor-section-height-default elementor-section-height-default\" data-id=\"477203d\" data-element_type=\"section\" data-e-type=\"section\">\n\t\t\t\t\t\t<div class=\"elementor-container elementor-column-gap-default\">\n\t\t\t\t\t<div class=\"elementor-column elementor-col-100 elementor-top-column elementor-element elementor-element-bae3d11\" data-id=\"bae3d11\" data-element_type=\"column\" data-e-type=\"column\">\n\t\t\t<div class=\"elementor-widget-wrap elementor-element-populated\">\n\t\t\t\t\t\t<div class=\"elementor-element elementor-element-268de4c elementor-widget elementor-widget-text-editor\" data-id=\"268de4c\" data-element_type=\"widget\" data-e-type=\"widget\" data-widget_type=\"text-editor.default\">\n\t\t\t\t<div class=\"elementor-widget-container\">\n\t\t\t\t\t\t\t\t\t<p>En aras a dar cumplimiento al Reglamento (UE) 2016\/679 del Parlamento Europeo y del Consejo, de 27 de abril de 2016, relativo a la protecci\u00f3n de las personas f\u00edsicas en lo que respecta al tratamiento de datos personales y a la libre circulaci\u00f3n de estos datos, y siguiendo las Recomendaciones e Instrucciones emitidas por la Agencia Espa\u00f1ola de Protecci\u00f3n de Datos (A.E.P.D.),<\/p><p><strong>SE INFORMA<\/strong>:<\/p>\t\t\t\t\t\t\t\t<\/div>\n\t\t\t\t<\/div>\n\t\t\t\t<div class=\"elementor-element elementor-element-3a94f9c elementor-widget elementor-widget-text-editor\" data-id=\"3a94f9c\" data-element_type=\"widget\" data-e-type=\"widget\" data-widget_type=\"text-editor.default\">\n\t\t\t\t<div class=\"elementor-widget-container\">\n\t\t\t\t\t\t\t\t\t<ul><li>Los datos de car\u00e1cter personal solicitados y facilitados por usted, son incorporados un fichero de titularidad privada cuyo responsable y \u00fanico destinatario es NUS CONSULTOR\u00cdA, S.L. con CIF: B-01790666.<\/li><li>Solo ser\u00e1n solicitados aquellos datos estrictamente necesarios para prestar adecuadamente los servicios solicitados, pudiendo ser necesario recoger datos de contacto de terceros, tales como representantes legales, tutores, o personas a cargo designadas por los mismos.<\/li><li>Todos los datos recogidos cuentan con el compromiso de confidencialidad, con las medidas de seguridad establecidas legalmente, y bajo ning\u00fan concepto son cedidos o tratados por terceras personas, f\u00edsicas o jur\u00eddicas, sin el previo consentimiento del cliente, tutor o representante legal, salvo en aquellos casos en los que fuere imprescindible para la correcta prestaci\u00f3n del servicio.<\/li><li>Una vez finalizada la relaci\u00f3n entre la empresa y el cliente los datos ser\u00e1n archivados y conservados o en su defecto ser\u00e1n devueltos \u00edntegramente al cliente o autorizado legal.<\/li><li>Los datos que facilito ser\u00e1n incluidos en el Tratamiento denominado Clientes de NUS CONSULTOR\u00cdA, S.L., con la finalidad de gesti\u00f3n del servicio contratado, emisi\u00f3n de facturas, contacto, certificados&#8230; y todas las gestiones relacionadas con los clientes y manifiesto mi consentimiento. Tambi\u00e9n se me ha informado de la posibilidad de ejercitar los derechos de acceso, rectificaci\u00f3n, cancelaci\u00f3n y oposici\u00f3n, indic\u00e1ndolo por escrito a NUS CONSULTOR\u00cdA, S.L., con domicilio en Calle Mallorca, 436, Ent. 1, 08013 Barcelona<\/li><li>Los datos personales ser\u00e1n cedidos por NUS CONSULTOR\u00cdA, S.L., a las entidades que prestan servicios a la misma.<\/li><\/ul>\t\t\t\t\t\t\t\t<\/div>\n\t\t\t\t<\/div>\n\t\t\t\t<div class=\"elementor-element elementor-element-5ce295d elementor-widget elementor-widget-text-editor\" data-id=\"5ce295d\" data-element_type=\"widget\" data-e-type=\"widget\" data-widget_type=\"text-editor.default\">\n\t\t\t\t<div class=\"elementor-widget-container\">\n\t\t\t\t\t\t\t\t\t<p><strong>Desistimiento<\/strong><\/p><p>El Alumno dispondr\u00e1 de un plazo de siete d\u00edas h\u00e1biles desde la contrataci\u00f3n del Programa Docente para resolver el contrato y darse de baja del Programa Docente contratado.<\/p><p><strong>Devoluci\u00f3n del importe abonado<\/strong><\/p><p>Nus Agency solo proceder\u00e1 a la devoluci\u00f3n del importe pagado por el alumno por causa de fuerza mayor siempre y cuando sea informada la instituci\u00f3n dentro de la primera semana de comienzo de clase. Si pasara este plazo, Nus Agency se compromete a hacer un cambio de convocatoria a la fecha elegida por el alumno sin ning\u00fan coste y teniendo el importe abonado a cr\u00e9dito para poder usarlo.<\/p>\t\t\t\t\t\t\t\t<\/div>\n\t\t\t\t<\/div>\n\t\t\t\t\t<\/div>\n\t\t<\/div>\n\t\t\t\t\t<\/div>\n\t\t<\/section>\n\t\t\t\t<section class=\"elementor-section elementor-top-section elementor-element elementor-element-5b5e274 elementor-section-boxed elementor-section-height-default elementor-section-height-default\" data-id=\"5b5e274\" data-element_type=\"section\" data-e-type=\"section\">\n\t\t\t\t\t\t<div class=\"elementor-container elementor-column-gap-default\">\n\t\t\t\t\t<div class=\"elementor-column elementor-col-100 elementor-top-column elementor-element elementor-element-10ddf02\" data-id=\"10ddf02\" data-element_type=\"column\" data-e-type=\"column\">\n\t\t\t<div class=\"elementor-widget-wrap elementor-element-populated\">\n\t\t\t\t\t\t<div class=\"elementor-element elementor-element-5885518 elementor-widget elementor-widget-html\" data-id=\"5885518\" data-element_type=\"widget\" data-e-type=\"widget\" data-widget_type=\"html.default\">\n\t\t\t\t<div class=\"elementor-widget-container\">\n\t\t\t\t\t<!--Zoho Marketing Automation Web-Optin Form Starts Here-->\r\n\r\n<div id=\"customForm\">\r\n\t<div class=\"quick_form_19_css\" name=\"SIGNUP_BODY\">\r\n\t\t<div>\r\n\t\t\t<div id=\"SIGNUP_HEADING\">Condiciones de compra<\/div>\r\n\t\t\t<div style=\"position:relative;\">\r\n\t\t\t\t<div id=\"Zc_SignupSuccess\" style=\"display:none;position:absolute;margin-left:4%;width:90%;background-color: white; padding: 3px; border: 3px solid rgb(194, 225, 154);  margin-top: 10px;margin-bottom:10px;word-break:break-all \">\r\n\t\t\t\t\t<table width=\"100%\" cellpadding=\"0\" cellspacing=\"0\" border=\"0\">\r\n\t\t\t\t\t\t<tbody>\r\n\t\t\t\t\t\t\t<tr>\r\n\t\t\t\t\t\t\t\t<td width=\"10%\">\r\n\t\t\t\t\t\t\t\t\t<img decoding=\"async\" class=\"successicon\" src=\"https:\/\/nusc-zgpvh.maillist-manage.net\/images\/challangeiconenable.jpg\" align=\"absmiddle\" alt=\"thumsup\">\r\n\t\t\t\t\t\t\t\t<\/td>\r\n\t\t\t\t\t\t\t\t<td>\r\n\t\t\t\t\t\t\t\t\t<span id=\"signupSuccessMsg\" style=\"color: rgb(73, 140, 132); font-family: sans-serif; font-size: 14px;word-break:break-word\">&nbsp;&nbsp;Thank you for Signing Up<\/span>\r\n\t\t\t\t\t\t\t\t<\/td>\r\n\t\t\t\t\t\t\t<\/tr>\r\n\t\t\t\t\t\t<\/tbody>\r\n\t\t\t\t\t<\/table>\r\n\t\t\t\t<\/div>\r\n\t\t\t<\/div>\r\n\t\t\t<form method=\"POST\" id=\"zcampaignOptinForm\" action=\"https:\/\/nusc-zgpvh.maillist-manage.net\/weboptin.zc\" target=\"_zcSignup\" onsubmit=\"zcScptlessSubmit(this)\">\r\n\t\t\t\t<div id=\"errorMsgDiv\">Por favor rellena los campos a continuaci\u00f3n.<\/div>\r\n\t\t\t\t<div>\r\n\t\t\t\t\t<input type=\"text\" placeholder=\"Email\" changeitem=\"SIGNUP_FORM_FIELD\" name=\"CONTACT_EMAIL\" id=\"EMBED_FORM_EMAIL_LABEL\">\r\n\t\t\t\t<\/div>\r\n\t\t\t\t<div>\r\n\t\t\t\t\t<input type=\"text\" placeholder=\"Nombre\" changeitem=\"SIGNUP_FORM_FIELD\" name=\"FIRSTNAME\" id=\"FIRSTNAME\">\r\n\t\t\t\t<\/div>\r\n\t\t\t\t<div>\r\n\t\t\t\t\t<input type=\"submit\" name=\"SIGNUP_SUBMIT_BUTTON\" id=\"zcWebOptin\" value=\"ACEPTO\">\r\n\t\t\t\t<\/div>\r\n\t\t\t\t<input type=\"hidden\" id=\"fieldBorder\" value=\"\">\r\n\t\t\t\t<input type=\"hidden\" id=\"submitType\" name=\"submitType\" value=\"optinCustomView\">\r\n\t\t\t\t<input type=\"hidden\" id=\"emailReportId\" name=\"emailReportId\" value=\"\">\r\n\t\t\t\t<input type=\"hidden\" id=\"formType\" name=\"formType\" value=\"QuickForm\">\r\n\t\t\t\t<input type=\"hidden\" name=\"zx\" id=\"cmpZuid\" value=\"1149a6a\">\r\n\t\t\t\t<input type=\"hidden\" name=\"zcvers\" value=\"3.0\">\r\n\t\t\t\t<input type=\"hidden\" name=\"oldListIds\" id=\"allCheckedListIds\" value=\"\">\r\n\t\t\t\t<input type=\"hidden\" id=\"mode\" name=\"mode\" value=\"OptinCreateView\">\r\n\t\t\t\t<input type=\"hidden\" id=\"zcld\" name=\"zcld\" value=\"\">\r\n\t\t\t\t<input type=\"hidden\" id=\"zctd\" name=\"zctd\" value=\"1b62dec06260244e\">\r\n\t\t\t\t<input type=\"hidden\" id=\"document_domain\" value=\"\">\r\n\t\t\t\t<input type=\"hidden\" id=\"zc_Url\" value=\"nusc-zgpvh.maillist-manage.net\">\r\n\t\t\t\t<input type=\"hidden\" id=\"new_optin_response_in\" value=\"0\">\r\n\t\t\t\t<input type=\"hidden\" id=\"duplicate_optin_response_in\" value=\"0\">\r\n\t\t\t\t<input type=\"hidden\" name=\"zc_trackCode\" id=\"zc_trackCode\" value=\"ZCFORMVIEW\">\r\n\t\t\t\t<input type=\"hidden\" id=\"zc_formIx\" name=\"zc_formIx\" value=\"3z94a75a625bd527b32ae19f473233a34830d9d12d1088f4f72feb6e51313918e8\">\r\n\t\t\t\t<input type=\"hidden\" id=\"viewFrom\" value=\"URL_ACTION\">\r\n\t\t\t\t<input type=\"hidden\" id=\"scriptless\" name=\"scriptless\" value=\"yes\">\r\n\t\t\t\t<input type=\"hidden\" id=\"zc_spmSubmit\" name=\"zc_spmSubmit\" value=\"ZCSPMSUBMIT\">\r\n\t\t\t<\/form>\r\n\t\t<\/div>\r\n\t<\/div>\r\n<\/div>\r\n<div id=\"zcOptinOverLay\" oncontextmenu=\"return false\" style=\"display:none;text-align: center; background-color: rgb(0, 0, 0); opacity: 0.5; z-index: 100; position: fixed; width: 100%; top: 0px; left: 0px; height: 988px;\"><\/div>\r\n<div id=\"zcOptinSuccessPopup\" style=\"display:none;z-index: 9999;width: 800px; height: 40%;top: 84px;position: fixed; left: 26%;background-color: #FFFFFF;border-color: #E6E6E6; border-style: solid; border-width: 1px;  box-shadow: 0 1px 10px #424242;padding: 35px;\">\r\n\t<span style=\"position: absolute;top: -16px;right:-14px;z-index:99999;cursor: pointer;\" id=\"closeSuccess\">\r\n\t\t<img decoding=\"async\" src=\"https:\/\/nusc-zgpvh.maillist-manage.net\/images\/videoclose.png\" alt=\"close\">\r\n\t<\/span>\r\n\t<div id=\"zcOptinSuccessPanel\"><\/div>\r\n<\/div>\r\n<script>\r\n\tfunction zcScptlessSubmit(parentNode){\r\n\t\tparentNode.removeChild(document.querySelector(\"#zc_spmSubmit\"));parentNode.submit();\r\n\t}\r\n<\/script>\r\n<!--Zoho Marketing Automation Web-Optin Form Ends Here-->\t\t\t\t<\/div>\n\t\t\t\t<\/div>\n\t\t\t\t\t<\/div>\n\t\t<\/div>\n\t\t\t\t\t<\/div>\n\t\t<\/section>\n\t\t\t\t<\/div>\n\t\t","protected":false},"excerpt":{"rendered":"<p>Consentimiento expreso clientes GDPR Y Condiciones de Compra En aras a dar cumplimiento al Reglamento (UE) 2016\/679 del Parlamento Europeo y del Consejo, de 27 de abril de 2016, relativo a la protecci\u00f3n de las personas f\u00edsicas en lo que respecta al tratamiento de datos personales y a la libre circulaci\u00f3n de estos datos, y &#8230; <a title=\"Consentimiento expreso clientes\" class=\"read-more\" href=\"https:\/\/www.nus.agency\/es\/consentimiento-expreso-clientes\" aria-label=\"Leer m\u00e1s sobre Consentimiento expreso clientes\">Leer m\u00e1s<\/a><\/p>\n","protected":false},"author":1,"featured_media":0,"parent":0,"menu_order":0,"comment_status":"closed","ping_status":"closed","template":"elementor_header_footer","meta":{"footnotes":""},"class_list":["post-9448","page","type-page","status-publish"],"yoast_head":"<!-- This site is optimized with the Yoast SEO Premium plugin v25.9 (Yoast SEO v27.3) - https:\/\/yoast.com\/product\/yoast-seo-premium-wordpress\/ -->\n<title>Consentimiento expreso clientes - NUS Agency<\/title>\n<meta name=\"robots\" content=\"index, follow, max-snippet:-1, max-image-preview:large, max-video-preview:-1\" \/>\n<link rel=\"canonical\" href=\"https:\/\/www.nus.agency\/es\/consentimiento-expreso-clientes\" \/>\n<meta property=\"og:locale\" content=\"es_ES\" \/>\n<meta property=\"og:type\" content=\"article\" \/>\n<meta property=\"og:title\" content=\"Consentimiento expreso clientes\" \/>\n<meta property=\"og:description\" content=\"Consentimiento expreso clientes GDPR Y Condiciones de Compra En aras a dar cumplimiento al Reglamento (UE) 2016\/679 del Parlamento Europeo y del Consejo, de 27 de abril de 2016, relativo a la protecci\u00f3n de las personas f\u00edsicas en lo que respecta al tratamiento de datos personales y a la libre circulaci\u00f3n de estos datos, y ... Leer m\u00e1s\" \/>\n<meta property=\"og:url\" content=\"https:\/\/www.nus.agency\/es\/consentimiento-expreso-clientes\" \/>\n<meta property=\"og:site_name\" content=\"NUS Agency\" \/>\n<meta property=\"article:publisher\" content=\"https:\/\/www.facebook.com\/Nus.Agency\" \/>\n<meta property=\"article:modified_time\" content=\"2024-12-05T15:20:17+00:00\" \/>\n<meta property=\"og:image\" content=\"https:\/\/nusc-zgpvh.maillist-manage.net\/images\/challangeiconenable.jpg\" \/>\n<meta name=\"twitter:card\" content=\"summary_large_image\" \/>\n<meta name=\"twitter:site\" content=\"@NusUnidad\" \/>\n<meta name=\"twitter:label1\" content=\"Tiempo de lectura\" \/>\n\t<meta name=\"twitter:data1\" content=\"3 minutos\" \/>\n<script type=\"application\/ld+json\" class=\"yoast-schema-graph\">{\"@context\":\"https:\\\/\\\/schema.org\",\"@graph\":[{\"@type\":\"WebPage\",\"@id\":\"https:\\\/\\\/www.nus.agency\\\/es\\\/consentimiento-expreso-clientes\",\"url\":\"https:\\\/\\\/www.nus.agency\\\/es\\\/consentimiento-expreso-clientes\",\"name\":\"Consentimiento expreso clientes - NUS Agency\",\"isPartOf\":{\"@id\":\"https:\\\/\\\/www.nus.agency\\\/es\\\/#website\"},\"primaryImageOfPage\":{\"@id\":\"https:\\\/\\\/www.nus.agency\\\/es\\\/consentimiento-expreso-clientes#primaryimage\"},\"image\":{\"@id\":\"https:\\\/\\\/www.nus.agency\\\/es\\\/consentimiento-expreso-clientes#primaryimage\"},\"thumbnailUrl\":\"https:\\\/\\\/nusc-zgpvh.maillist-manage.net\\\/images\\\/challangeiconenable.jpg\",\"datePublished\":\"2021-03-02T14:31:00+00:00\",\"dateModified\":\"2024-12-05T15:20:17+00:00\",\"breadcrumb\":{\"@id\":\"https:\\\/\\\/www.nus.agency\\\/es\\\/consentimiento-expreso-clientes#breadcrumb\"},\"inLanguage\":\"es\",\"potentialAction\":[{\"@type\":\"ReadAction\",\"target\":[\"https:\\\/\\\/www.nus.agency\\\/es\\\/consentimiento-expreso-clientes\"]}]},{\"@type\":\"ImageObject\",\"inLanguage\":\"es\",\"@id\":\"https:\\\/\\\/www.nus.agency\\\/es\\\/consentimiento-expreso-clientes#primaryimage\",\"url\":\"https:\\\/\\\/nusc-zgpvh.maillist-manage.net\\\/images\\\/challangeiconenable.jpg\",\"contentUrl\":\"https:\\\/\\\/nusc-zgpvh.maillist-manage.net\\\/images\\\/challangeiconenable.jpg\"},{\"@type\":\"BreadcrumbList\",\"@id\":\"https:\\\/\\\/www.nus.agency\\\/es\\\/consentimiento-expreso-clientes#breadcrumb\",\"itemListElement\":[{\"@type\":\"ListItem\",\"position\":1,\"name\":\"Inicio\",\"item\":\"https:\\\/\\\/www.nus.agency\\\/es\"},{\"@type\":\"ListItem\",\"position\":2,\"name\":\"Consentimiento expreso clientes\"}]},{\"@type\":\"WebSite\",\"@id\":\"https:\\\/\\\/www.nus.agency\\\/es\\\/#website\",\"url\":\"https:\\\/\\\/www.nus.agency\\\/es\\\/\",\"name\":\"NUS Agency\",\"description\":\"Formaci\u00f3n especializada en el sector salud y bienestar. M\u00e1ster en Enfermer\u00eda Dermoest\u00e9tica, Fisioest\u00e9tica, Neurom\u00fasica, Terapia Breve.\",\"publisher\":{\"@id\":\"https:\\\/\\\/www.nus.agency\\\/es\\\/#organization\"},\"alternateName\":\"nus.agency\",\"potentialAction\":[{\"@type\":\"SearchAction\",\"target\":{\"@type\":\"EntryPoint\",\"urlTemplate\":\"https:\\\/\\\/www.nus.agency\\\/es\\\/?s={search_term_string}\"},\"query-input\":{\"@type\":\"PropertyValueSpecification\",\"valueRequired\":true,\"valueName\":\"search_term_string\"}}],\"inLanguage\":\"es\"},{\"@type\":\"Organization\",\"@id\":\"https:\\\/\\\/www.nus.agency\\\/es\\\/#organization\",\"name\":\"Nus Agency\",\"alternateName\":\"nus.agency\",\"url\":\"https:\\\/\\\/www.nus.agency\\\/es\\\/\",\"logo\":{\"@type\":\"ImageObject\",\"inLanguage\":\"es\",\"@id\":\"https:\\\/\\\/www.nus.agency\\\/es\\\/#\\\/schema\\\/logo\\\/image\\\/\",\"url\":\"https:\\\/\\\/www.nus.agency\\\/wp-content\\\/uploads\\\/2023\\\/09\\\/LOGO-NUS.png\",\"contentUrl\":\"https:\\\/\\\/www.nus.agency\\\/wp-content\\\/uploads\\\/2023\\\/09\\\/LOGO-NUS.png\",\"width\":500,\"height\":500,\"caption\":\"Nus Agency\"},\"image\":{\"@id\":\"https:\\\/\\\/www.nus.agency\\\/es\\\/#\\\/schema\\\/logo\\\/image\\\/\"},\"sameAs\":[\"https:\\\/\\\/www.facebook.com\\\/Nus.Agency\",\"https:\\\/\\\/x.com\\\/NusUnidad\",\"https:\\\/\\\/www.instagram.com\\\/nus.agency\\\/\",\"https:\\\/\\\/www.linkedin.com\\\/school\\\/nus-agency\\\/\",\"https:\\\/\\\/www.youtube.com\\\/channel\\\/UCcseK4CACJLLFX6J19Om5qQ\"]}]}<\/script>\n<!-- \/ Yoast SEO Premium plugin. -->","yoast_head_json":{"title":"Consentimiento expreso clientes - NUS Agency","robots":{"index":"index","follow":"follow","max-snippet":"max-snippet:-1","max-image-preview":"max-image-preview:large","max-video-preview":"max-video-preview:-1"},"canonical":"https:\/\/www.nus.agency\/es\/consentimiento-expreso-clientes","og_locale":"es_ES","og_type":"article","og_title":"Consentimiento expreso clientes","og_description":"Consentimiento expreso clientes GDPR Y Condiciones de Compra En aras a dar cumplimiento al Reglamento (UE) 2016\/679 del Parlamento Europeo y del Consejo, de 27 de abril de 2016, relativo a la protecci\u00f3n de las personas f\u00edsicas en lo que respecta al tratamiento de datos personales y a la libre circulaci\u00f3n de estos datos, y ... Leer m\u00e1s","og_url":"https:\/\/www.nus.agency\/es\/consentimiento-expreso-clientes","og_site_name":"NUS Agency","article_publisher":"https:\/\/www.facebook.com\/Nus.Agency","article_modified_time":"2024-12-05T15:20:17+00:00","og_image":[{"url":"https:\/\/nusc-zgpvh.maillist-manage.net\/images\/challangeiconenable.jpg","type":"","width":"","height":""}],"twitter_card":"summary_large_image","twitter_site":"@NusUnidad","twitter_misc":{"Tiempo de lectura":"3 minutos"},"schema":{"@context":"https:\/\/schema.org","@graph":[{"@type":"WebPage","@id":"https:\/\/www.nus.agency\/es\/consentimiento-expreso-clientes","url":"https:\/\/www.nus.agency\/es\/consentimiento-expreso-clientes","name":"Consentimiento expreso clientes - NUS Agency","isPartOf":{"@id":"https:\/\/www.nus.agency\/es\/#website"},"primaryImageOfPage":{"@id":"https:\/\/www.nus.agency\/es\/consentimiento-expreso-clientes#primaryimage"},"image":{"@id":"https:\/\/www.nus.agency\/es\/consentimiento-expreso-clientes#primaryimage"},"thumbnailUrl":"https:\/\/nusc-zgpvh.maillist-manage.net\/images\/challangeiconenable.jpg","datePublished":"2021-03-02T14:31:00+00:00","dateModified":"2024-12-05T15:20:17+00:00","breadcrumb":{"@id":"https:\/\/www.nus.agency\/es\/consentimiento-expreso-clientes#breadcrumb"},"inLanguage":"es","potentialAction":[{"@type":"ReadAction","target":["https:\/\/www.nus.agency\/es\/consentimiento-expreso-clientes"]}]},{"@type":"ImageObject","inLanguage":"es","@id":"https:\/\/www.nus.agency\/es\/consentimiento-expreso-clientes#primaryimage","url":"https:\/\/nusc-zgpvh.maillist-manage.net\/images\/challangeiconenable.jpg","contentUrl":"https:\/\/nusc-zgpvh.maillist-manage.net\/images\/challangeiconenable.jpg"},{"@type":"BreadcrumbList","@id":"https:\/\/www.nus.agency\/es\/consentimiento-expreso-clientes#breadcrumb","itemListElement":[{"@type":"ListItem","position":1,"name":"Inicio","item":"https:\/\/www.nus.agency\/es"},{"@type":"ListItem","position":2,"name":"Consentimiento expreso clientes"}]},{"@type":"WebSite","@id":"https:\/\/www.nus.agency\/es\/#website","url":"https:\/\/www.nus.agency\/es\/","name":"NUS Agency","description":"Formaci\u00f3n especializada en el sector salud y bienestar. M\u00e1ster en Enfermer\u00eda Dermoest\u00e9tica, Fisioest\u00e9tica, Neurom\u00fasica, Terapia Breve.","publisher":{"@id":"https:\/\/www.nus.agency\/es\/#organization"},"alternateName":"nus.agency","potentialAction":[{"@type":"SearchAction","target":{"@type":"EntryPoint","urlTemplate":"https:\/\/www.nus.agency\/es\/?s={search_term_string}"},"query-input":{"@type":"PropertyValueSpecification","valueRequired":true,"valueName":"search_term_string"}}],"inLanguage":"es"},{"@type":"Organization","@id":"https:\/\/www.nus.agency\/es\/#organization","name":"Nus Agency","alternateName":"nus.agency","url":"https:\/\/www.nus.agency\/es\/","logo":{"@type":"ImageObject","inLanguage":"es","@id":"https:\/\/www.nus.agency\/es\/#\/schema\/logo\/image\/","url":"https:\/\/www.nus.agency\/wp-content\/uploads\/2023\/09\/LOGO-NUS.png","contentUrl":"https:\/\/www.nus.agency\/wp-content\/uploads\/2023\/09\/LOGO-NUS.png","width":500,"height":500,"caption":"Nus Agency"},"image":{"@id":"https:\/\/www.nus.agency\/es\/#\/schema\/logo\/image\/"},"sameAs":["https:\/\/www.facebook.com\/Nus.Agency","https:\/\/x.com\/NusUnidad","https:\/\/www.instagram.com\/nus.agency\/","https:\/\/www.linkedin.com\/school\/nus-agency\/","https:\/\/www.youtube.com\/channel\/UCcseK4CACJLLFX6J19Om5qQ"]}]}},"_links":{"self":[{"href":"https:\/\/www.nus.agency\/es\/wp-json\/wp\/v2\/pages\/9448","targetHints":{"allow":["GET"]}}],"collection":[{"href":"https:\/\/www.nus.agency\/es\/wp-json\/wp\/v2\/pages"}],"about":[{"href":"https:\/\/www.nus.agency\/es\/wp-json\/wp\/v2\/types\/page"}],"author":[{"embeddable":true,"href":"https:\/\/www.nus.agency\/es\/wp-json\/wp\/v2\/users\/1"}],"replies":[{"embeddable":true,"href":"https:\/\/www.nus.agency\/es\/wp-json\/wp\/v2\/comments?post=9448"}],"version-history":[{"count":12,"href":"https:\/\/www.nus.agency\/es\/wp-json\/wp\/v2\/pages\/9448\/revisions"}],"predecessor-version":[{"id":81969,"href":"https:\/\/www.nus.agency\/es\/wp-json\/wp\/v2\/pages\/9448\/revisions\/81969"}],"wp:attachment":[{"href":"https:\/\/www.nus.agency\/es\/wp-json\/wp\/v2\/media?parent=9448"}],"curies":[{"name":"wp","href":"https:\/\/api.w.org\/{rel}","templated":true}]}}