{"id":96666,"date":"2026-05-14T12:03:02","date_gmt":"2026-05-14T10:03:02","guid":{"rendered":"https:\/\/www.nus.agency\/?page_id=96666"},"modified":"2026-05-14T14:36:43","modified_gmt":"2026-05-14T12:36:43","slug":"pago","status":"publish","type":"page","link":"https:\/\/www.nus.agency\/es\/pago","title":{"rendered":"Pago"},"content":{"rendered":"\t\t<div data-elementor-type=\"wp-page\" data-elementor-id=\"96666\" class=\"elementor elementor-96666\" data-elementor-post-type=\"page\">\n\t\t\t\t\t\t<section class=\"elementor-section elementor-top-section elementor-element elementor-element-f851865 elementor-section-boxed elementor-section-height-default elementor-section-height-default\" data-id=\"f851865\" data-element_type=\"section\" data-e-type=\"section\">\n\t\t\t\t\t\t<div class=\"elementor-container elementor-column-gap-default\">\n\t\t\t\t\t<div class=\"elementor-column elementor-col-100 elementor-top-column elementor-element elementor-element-4da5fc2\" data-id=\"4da5fc2\" data-element_type=\"column\" data-e-type=\"column\">\n\t\t\t<div class=\"elementor-widget-wrap\">\n\t\t\t\t\t\t\t<\/div>\n\t\t<\/div>\n\t\t\t\t\t<\/div>\n\t\t<\/section>\n\t\t\t\t<section class=\"elementor-section elementor-top-section elementor-element elementor-element-75c129e elementor-section-boxed elementor-section-height-default elementor-section-height-default\" data-id=\"75c129e\" data-element_type=\"section\" data-e-type=\"section\">\n\t\t\t\t\t\t<div class=\"elementor-container elementor-column-gap-default\">\n\t\t\t\t\t<div class=\"elementor-column elementor-col-100 elementor-top-column elementor-element elementor-element-a7ad316\" data-id=\"a7ad316\" data-element_type=\"column\" data-e-type=\"column\">\n\t\t\t<div class=\"elementor-widget-wrap elementor-element-populated\">\n\t\t\t\t\t\t<div class=\"elementor-element elementor-element-b69d8d6 elementor-widget elementor-widget-heading\" data-id=\"b69d8d6\" data-element_type=\"widget\" data-e-type=\"widget\" data-widget_type=\"heading.default\">\n\t\t\t\t<div class=\"elementor-widget-container\">\n\t\t\t\t\t<h2 class=\"elementor-heading-title elementor-size-default\">Pago MIC. 5000<\/h2>\t\t\t\t<\/div>\n\t\t\t\t<\/div>\n\t\t\t\t\t<\/div>\n\t\t<\/div>\n\t\t\t\t\t<\/div>\n\t\t<\/section>\n\t\t\t\t<section class=\"elementor-section elementor-top-section elementor-element elementor-element-7d5336b elementor-section-boxed elementor-section-height-default elementor-section-height-default\" data-id=\"7d5336b\" data-element_type=\"section\" data-e-type=\"section\">\n\t\t\t\t\t\t<div class=\"elementor-container elementor-column-gap-default\">\n\t\t\t\t\t<div class=\"elementor-column elementor-col-100 elementor-top-column elementor-element elementor-element-2e2f870\" data-id=\"2e2f870\" data-element_type=\"column\" data-e-type=\"column\">\n\t\t\t<div class=\"elementor-widget-wrap elementor-element-populated\">\n\t\t\t\t\t\t<div class=\"elementor-element elementor-element-6f475ef elementor-widget elementor-widget-html\" data-id=\"6f475ef\" data-element_type=\"widget\" data-e-type=\"widget\" data-widget_type=\"html.default\">\n\t\t\t\t<div class=\"elementor-widget-container\">\n\t\t\t\t\t<script\nsrc=\"https:\/\/www.paypal.com\/sdk\/js?client-id=AcIhc1dhfg_j3aEDVcUAVH0ey43rsWcGHgYkRlQNWfO7i5DXjHULYM43Les_JspaV0a5omElgmFc-pqz&components=messages,buttons\" data-namespace=\"PayPalSDK\">\n<\/script>\n\n\t\t\t\t<\/div>\n\t\t\t\t<\/div>\n\t\t\t\t\t<\/div>\n\t\t<\/div>\n\t\t\t\t\t<\/div>\n\t\t<\/section>\n\t\t\t\t<section class=\"elementor-section elementor-top-section elementor-element elementor-element-f3d5686 elementor-section-boxed elementor-section-height-default elementor-section-height-default\" data-id=\"f3d5686\" data-element_type=\"section\" data-e-type=\"section\">\n\t\t\t\t\t\t<div class=\"elementor-container elementor-column-gap-default\">\n\t\t\t\t\t<div class=\"elementor-column elementor-col-100 elementor-top-column elementor-element elementor-element-d2ca98c\" data-id=\"d2ca98c\" data-element_type=\"column\" data-e-type=\"column\">\n\t\t\t<div class=\"elementor-widget-wrap elementor-element-populated\">\n\t\t\t\t\t\t<div class=\"elementor-element elementor-element-8e9d059 elementor-widget elementor-widget-html\" data-id=\"8e9d059\" data-element_type=\"widget\" data-e-type=\"widget\" data-widget_type=\"html.default\">\n\t\t\t\t<div class=\"elementor-widget-container\">\n\t\t\t\t\t<button onclick=\"window.location.href='https:\/\/zohosecurepay.com\/checkout\/12kdfrw-8lycrunyfotlq\/Mster-Enfermera-Gestora-de-la-Imagen-Corporal-y-Dermoesttica'\">Realizar el Pago<\/button>\t\t\t\t<\/div>\n\t\t\t\t<\/div>\n\t\t\t\t\t<\/div>\n\t\t<\/div>\n\t\t\t\t\t<\/div>\n\t\t<\/section>\n\t\t\t\t<section class=\"elementor-section elementor-top-section elementor-element elementor-element-b607937 elementor-section-boxed elementor-section-height-default elementor-section-height-default\" data-id=\"b607937\" data-element_type=\"section\" data-e-type=\"section\">\n\t\t\t\t\t\t<div class=\"elementor-container elementor-column-gap-default\">\n\t\t\t\t\t<div class=\"elementor-column elementor-col-100 elementor-top-column elementor-element elementor-element-da9aa02\" data-id=\"da9aa02\" data-element_type=\"column\" data-e-type=\"column\">\n\t\t\t<div class=\"elementor-widget-wrap elementor-element-populated\">\n\t\t\t\t\t\t<div class=\"elementor-element elementor-element-0149a45 elementor-widget elementor-widget-html\" data-id=\"0149a45\" data-element_type=\"widget\" data-e-type=\"widget\" data-widget_type=\"html.default\">\n\t\t\t\t<div class=\"elementor-widget-container\">\n\t\t\t\t\t<iframe width=\"768\" height=\"998\" src=\"https:\/\/zohosecurepay.com\/checkout\/ypk7tlh-9e25ywz28cnej\/Mster-Enfermera-Gestora-de-la-Imagen-Corporal-y-Dermoesttica\" style=\"border:none;\"><\/iframe>\t\t\t\t<\/div>\n\t\t\t\t<\/div>\n\t\t\t\t\t<\/div>\n\t\t<\/div>\n\t\t\t\t\t<\/div>\n\t\t<\/section>\n\t\t\t\t<section class=\"elementor-section elementor-top-section elementor-element elementor-element-46a6976 elementor-section-boxed elementor-section-height-default elementor-section-height-default\" data-id=\"46a6976\" data-element_type=\"section\" data-e-type=\"section\">\n\t\t\t\t\t\t<div class=\"elementor-container elementor-column-gap-default\">\n\t\t\t\t\t<div class=\"elementor-column elementor-col-100 elementor-top-column elementor-element elementor-element-efad893\" data-id=\"efad893\" data-element_type=\"column\" data-e-type=\"column\">\n\t\t\t<div class=\"elementor-widget-wrap elementor-element-populated\">\n\t\t\t\t\t\t<div class=\"elementor-element elementor-element-57f9fc9 elementor-widget elementor-widget-html\" data-id=\"57f9fc9\" data-element_type=\"widget\" data-e-type=\"widget\" data-widget_type=\"html.default\">\n\t\t\t\t<div class=\"elementor-widget-container\">\n\t\t\t\t\t<div\n    data-pp-message\n    data-pp-style-layout=\"pagar\"\n    data-pp-style-logo-type=\"inline\"\n    data-pp-style-text-color=\"black\"\n    data-pp-style-text-size=\"12\"\n    data-pp-amount=5000\n    data-pp-placement=payment>\n<\/div>\t\t\t\t<\/div>\n\t\t\t\t<\/div>\n\t\t\t\t\t<\/div>\n\t\t<\/div>\n\t\t\t\t\t<\/div>\n\t\t<\/section>\n\t\t\t\t<\/div>\n\t\t","protected":false},"excerpt":{"rendered":"<p>Pago MIC. 5000 Realizar el Pago<\/p>\n","protected":false},"author":1,"featured_media":0,"parent":0,"menu_order":0,"comment_status":"closed","ping_status":"closed","template":"elementor_canvas","meta":{"_joinchat":[],"footnotes":""},"class_list":["post-96666","page","type-page","status-publish"],"yoast_head":"<!-- This site is optimized with the Yoast SEO Premium plugin v25.9 (Yoast SEO v27.6) - https:\/\/yoast.com\/product\/yoast-seo-premium-wordpress\/ -->\n<title>Pago - NUS Agency<\/title>\n<meta name=\"robots\" content=\"index, follow, max-snippet:-1, max-image-preview:large, max-video-preview:-1\" \/>\n<link rel=\"canonical\" href=\"https:\/\/www.nus.agency\/es\/pago\" \/>\n<meta property=\"og:locale\" content=\"es_ES\" \/>\n<meta property=\"og:type\" content=\"article\" \/>\n<meta property=\"og:title\" content=\"Pago\" \/>\n<meta property=\"og:description\" content=\"Pago MIC. 5000 Realizar el Pago\" \/>\n<meta property=\"og:url\" content=\"https:\/\/www.nus.agency\/es\/pago\" \/>\n<meta property=\"og:site_name\" content=\"NUS Agency\" \/>\n<meta property=\"article:publisher\" content=\"https:\/\/www.facebook.com\/Nus.Agency\" \/>\n<meta property=\"article:modified_time\" content=\"2026-05-14T12:36:43+00:00\" \/>\n<meta property=\"og:image\" content=\"https:\/\/www.nus.agency\/wp-content\/uploads\/2023\/11\/nus-agency.jpg\" \/>\n\t<meta property=\"og:image:width\" content=\"1200\" \/>\n\t<meta property=\"og:image:height\" content=\"675\" \/>\n\t<meta property=\"og:image:type\" content=\"image\/jpeg\" \/>\n<meta name=\"twitter:card\" content=\"summary_large_image\" \/>\n<meta name=\"twitter:site\" content=\"@NusUnidad\" \/>\n<meta name=\"twitter:label1\" content=\"Tiempo de lectura\" \/>\n\t<meta name=\"twitter:data1\" content=\"1 minuto\" \/>\n<script type=\"application\/ld+json\" class=\"yoast-schema-graph\">{\"@context\":\"https:\\\/\\\/schema.org\",\"@graph\":[{\"@type\":\"WebPage\",\"@id\":\"https:\\\/\\\/www.nus.agency\\\/es\\\/pago\",\"url\":\"https:\\\/\\\/www.nus.agency\\\/es\\\/pago\",\"name\":\"Pago - NUS Agency\",\"isPartOf\":{\"@id\":\"https:\\\/\\\/www.nus.agency\\\/es\\\/#website\"},\"datePublished\":\"2026-05-14T10:03:02+00:00\",\"dateModified\":\"2026-05-14T12:36:43+00:00\",\"breadcrumb\":{\"@id\":\"https:\\\/\\\/www.nus.agency\\\/es\\\/pago#breadcrumb\"},\"inLanguage\":\"es\",\"potentialAction\":[{\"@type\":\"ReadAction\",\"target\":[\"https:\\\/\\\/www.nus.agency\\\/es\\\/pago\"]}]},{\"@type\":\"BreadcrumbList\",\"@id\":\"https:\\\/\\\/www.nus.agency\\\/es\\\/pago#breadcrumb\",\"itemListElement\":[{\"@type\":\"ListItem\",\"position\":1,\"name\":\"Inicio\",\"item\":\"https:\\\/\\\/www.nus.agency\\\/es\"},{\"@type\":\"ListItem\",\"position\":2,\"name\":\"Pago\"}]},{\"@type\":\"WebSite\",\"@id\":\"https:\\\/\\\/www.nus.agency\\\/es\\\/#website\",\"url\":\"https:\\\/\\\/www.nus.agency\\\/es\\\/\",\"name\":\"NUS Agency\",\"description\":\"Formaci\u00f3n especializada en el sector salud y bienestar. M\u00e1ster en Enfermer\u00eda Dermoest\u00e9tica, Fisioest\u00e9tica, Neurom\u00fasica, Terapia Breve.\",\"publisher\":{\"@id\":\"https:\\\/\\\/www.nus.agency\\\/es\\\/#organization\"},\"alternateName\":\"nus.agency\",\"potentialAction\":[{\"@type\":\"SearchAction\",\"target\":{\"@type\":\"EntryPoint\",\"urlTemplate\":\"https:\\\/\\\/www.nus.agency\\\/es\\\/?s={search_term_string}\"},\"query-input\":{\"@type\":\"PropertyValueSpecification\",\"valueRequired\":true,\"valueName\":\"search_term_string\"}}],\"inLanguage\":\"es\"},{\"@type\":\"Organization\",\"@id\":\"https:\\\/\\\/www.nus.agency\\\/es\\\/#organization\",\"name\":\"Nus Agency\",\"alternateName\":\"nus.agency\",\"url\":\"https:\\\/\\\/www.nus.agency\\\/es\\\/\",\"logo\":{\"@type\":\"ImageObject\",\"inLanguage\":\"es\",\"@id\":\"https:\\\/\\\/www.nus.agency\\\/es\\\/#\\\/schema\\\/logo\\\/image\\\/\",\"url\":\"https:\\\/\\\/www.nus.agency\\\/wp-content\\\/uploads\\\/2023\\\/09\\\/LOGO-NUS.png\",\"contentUrl\":\"https:\\\/\\\/www.nus.agency\\\/wp-content\\\/uploads\\\/2023\\\/09\\\/LOGO-NUS.png\",\"width\":500,\"height\":500,\"caption\":\"Nus Agency\"},\"image\":{\"@id\":\"https:\\\/\\\/www.nus.agency\\\/es\\\/#\\\/schema\\\/logo\\\/image\\\/\"},\"sameAs\":[\"https:\\\/\\\/www.facebook.com\\\/Nus.Agency\",\"https:\\\/\\\/x.com\\\/NusUnidad\",\"https:\\\/\\\/www.instagram.com\\\/nus.agency\\\/\",\"https:\\\/\\\/www.linkedin.com\\\/school\\\/nus-agency\\\/\",\"https:\\\/\\\/www.youtube.com\\\/channel\\\/UCcseK4CACJLLFX6J19Om5qQ\"]}]}<\/script>\n<!-- \/ Yoast SEO Premium plugin. -->","yoast_head_json":{"title":"Pago - NUS Agency","robots":{"index":"index","follow":"follow","max-snippet":"max-snippet:-1","max-image-preview":"max-image-preview:large","max-video-preview":"max-video-preview:-1"},"canonical":"https:\/\/www.nus.agency\/es\/pago","og_locale":"es_ES","og_type":"article","og_title":"Pago","og_description":"Pago MIC. 5000 Realizar el Pago","og_url":"https:\/\/www.nus.agency\/es\/pago","og_site_name":"NUS Agency","article_publisher":"https:\/\/www.facebook.com\/Nus.Agency","article_modified_time":"2026-05-14T12:36:43+00:00","og_image":[{"width":1200,"height":675,"url":"https:\/\/www.nus.agency\/wp-content\/uploads\/2023\/11\/nus-agency.jpg","type":"image\/jpeg"}],"twitter_card":"summary_large_image","twitter_site":"@NusUnidad","twitter_misc":{"Tiempo de lectura":"1 minuto"},"schema":{"@context":"https:\/\/schema.org","@graph":[{"@type":"WebPage","@id":"https:\/\/www.nus.agency\/es\/pago","url":"https:\/\/www.nus.agency\/es\/pago","name":"Pago - NUS Agency","isPartOf":{"@id":"https:\/\/www.nus.agency\/es\/#website"},"datePublished":"2026-05-14T10:03:02+00:00","dateModified":"2026-05-14T12:36:43+00:00","breadcrumb":{"@id":"https:\/\/www.nus.agency\/es\/pago#breadcrumb"},"inLanguage":"es","potentialAction":[{"@type":"ReadAction","target":["https:\/\/www.nus.agency\/es\/pago"]}]},{"@type":"BreadcrumbList","@id":"https:\/\/www.nus.agency\/es\/pago#breadcrumb","itemListElement":[{"@type":"ListItem","position":1,"name":"Inicio","item":"https:\/\/www.nus.agency\/es"},{"@type":"ListItem","position":2,"name":"Pago"}]},{"@type":"WebSite","@id":"https:\/\/www.nus.agency\/es\/#website","url":"https:\/\/www.nus.agency\/es\/","name":"NUS Agency","description":"Formaci\u00f3n especializada en el sector salud y bienestar. M\u00e1ster en Enfermer\u00eda Dermoest\u00e9tica, Fisioest\u00e9tica, Neurom\u00fasica, Terapia Breve.","publisher":{"@id":"https:\/\/www.nus.agency\/es\/#organization"},"alternateName":"nus.agency","potentialAction":[{"@type":"SearchAction","target":{"@type":"EntryPoint","urlTemplate":"https:\/\/www.nus.agency\/es\/?s={search_term_string}"},"query-input":{"@type":"PropertyValueSpecification","valueRequired":true,"valueName":"search_term_string"}}],"inLanguage":"es"},{"@type":"Organization","@id":"https:\/\/www.nus.agency\/es\/#organization","name":"Nus Agency","alternateName":"nus.agency","url":"https:\/\/www.nus.agency\/es\/","logo":{"@type":"ImageObject","inLanguage":"es","@id":"https:\/\/www.nus.agency\/es\/#\/schema\/logo\/image\/","url":"https:\/\/www.nus.agency\/wp-content\/uploads\/2023\/09\/LOGO-NUS.png","contentUrl":"https:\/\/www.nus.agency\/wp-content\/uploads\/2023\/09\/LOGO-NUS.png","width":500,"height":500,"caption":"Nus Agency"},"image":{"@id":"https:\/\/www.nus.agency\/es\/#\/schema\/logo\/image\/"},"sameAs":["https:\/\/www.facebook.com\/Nus.Agency","https:\/\/x.com\/NusUnidad","https:\/\/www.instagram.com\/nus.agency\/","https:\/\/www.linkedin.com\/school\/nus-agency\/","https:\/\/www.youtube.com\/channel\/UCcseK4CACJLLFX6J19Om5qQ"]}]}},"_links":{"self":[{"href":"https:\/\/www.nus.agency\/es\/wp-json\/wp\/v2\/pages\/96666","targetHints":{"allow":["GET"]}}],"collection":[{"href":"https:\/\/www.nus.agency\/es\/wp-json\/wp\/v2\/pages"}],"about":[{"href":"https:\/\/www.nus.agency\/es\/wp-json\/wp\/v2\/types\/page"}],"author":[{"embeddable":true,"href":"https:\/\/www.nus.agency\/es\/wp-json\/wp\/v2\/users\/1"}],"replies":[{"embeddable":true,"href":"https:\/\/www.nus.agency\/es\/wp-json\/wp\/v2\/comments?post=96666"}],"version-history":[{"count":22,"href":"https:\/\/www.nus.agency\/es\/wp-json\/wp\/v2\/pages\/96666\/revisions"}],"predecessor-version":[{"id":96693,"href":"https:\/\/www.nus.agency\/es\/wp-json\/wp\/v2\/pages\/96666\/revisions\/96693"}],"wp:attachment":[{"href":"https:\/\/www.nus.agency\/es\/wp-json\/wp\/v2\/media?parent=96666"}],"curies":[{"name":"wp","href":"https:\/\/api.w.org\/{rel}","templated":true}]}}